{"id":5004,"date":"2023-10-26T08:43:26","date_gmt":"2023-10-26T06:43:26","guid":{"rendered":"http:\/\/hotelanna.youelba.com\/politica-di-prenotazione\/"},"modified":"2025-08-05T11:07:58","modified_gmt":"2025-08-05T09:07:58","slug":"politique-de-reservation","status":"publish","type":"page","link":"https:\/\/www.hotelannaisoladelba.it\/fr\/politique-de-reservation\/","title":{"rendered":"Politique de R\u00e9servation"},"content":{"rendered":"\t\t<div data-elementor-type=\"wp-page\" data-elementor-id=\"5004\" class=\"elementor elementor-5004 elementor-3564\" data-elementor-post-type=\"page\">\n\t\t\t\t        <section class=\"elementor-section elementor-top-section elementor-element elementor-element-6c6372b elementor-section-stretched elementor-section-boxed elementor-section-height-default elementor-section-height-default pxl-section-overflow-hidden-no\" data-id=\"6c6372b\" data-element_type=\"section\" data-settings=\"{&quot;stretch_section&quot;:&quot;section-stretched&quot;,&quot;background_background&quot;:&quot;classic&quot;}\">\n\n                \n                <div class=\"elementor-container elementor-column-gap-extended \">\n                <div class=\"elementor-column elementor-col-100 elementor-top-column elementor-element elementor-element-3d403bf col-offset-none pxl-column-element-default pxl-column-overflow-hidden-no\" data-id=\"3d403bf\" data-element_type=\"column\">\r\n        <div class=\"elementor-widget-wrap elementor-element-populated\">\r\n                     \r\n        \t\t<div class=\"elementor-element elementor-element-80d71da pxl-wg-bd-anm-no elementor-widget elementor-widget-pxl_heading\" data-id=\"80d71da\" data-element_type=\"widget\" data-widget_type=\"pxl_heading.default\">\n\t\t\t\t<div class=\"elementor-widget-container\">\n\t\t\t\t\t<div class=\"pxl-heading\">\n\t<div class=\"pxl-heading--inner\">\n\t\t\t\t\t<div class=\"pxl-item--subtitle wow zoomIn\" data-wow-delay=\"900ms\"><span>Politique de<\/span><\/div>\n\t\t\t\t<h1 class=\"pxl-item--title divider-none wow zoomIn \" data-wow-delay=\"900ms\">\n\t\tR\u00c9SERVATION\t\t\n\n\t\t<\/h1>\n\t\t\t<\/div>\n<\/div>\t\t\t\t<\/div>\n\t\t\t\t<\/div>\n\t\t            <\/div>\r\n        <\/div>\r\n        \t\t\t<\/div>\n\t\t<\/section>\n\t\t        <section class=\"elementor-section elementor-top-section elementor-element elementor-element-5f747ba elementor-section-stretched elementor-section-boxed elementor-section-height-default elementor-section-height-default pxl-section-overflow-hidden-no elementor-invisible pxl-elementor-animate\" data-id=\"5f747ba\" data-element_type=\"section\" data-settings=\"{&quot;stretch_section&quot;:&quot;section-stretched&quot;,&quot;animation&quot;:&quot;fadeInUp&quot;,&quot;animation_delay&quot;:1500}\">\n\n                \n                <div class=\"elementor-container elementor-column-gap-extended \">\n                <div class=\"elementor-column elementor-col-100 elementor-top-column elementor-element elementor-element-9fb6cdb col-offset-none pxl-column-element-default pxl-column-overflow-hidden-no\" data-id=\"9fb6cdb\" data-element_type=\"column\">\r\n        <div class=\"elementor-widget-wrap elementor-element-populated\">\r\n                     \r\n        \t\t<div class=\"elementor-element elementor-element-230f132 pxl-wg-bd-anm-no elementor-widget elementor-widget-pxl_text_editor\" data-id=\"230f132\" data-element_type=\"widget\" data-widget_type=\"pxl_text_editor.default\">\n\t\t\t\t<div class=\"elementor-widget-container\">\n\t\t\t\t\t<div class=\"pxl-text-editor \">\n\t<div class=\"pxl-item--inner \" data-wow-delay=\"ms\">\n\t\t<p>La politique de r\u00e9servation standard de l&#8217;H\u00f4tel Anna est con\u00e7ue pour offrir \u00e0 nos clients la plus grande flexibilit\u00e9 et commodit\u00e9, assurant un s\u00e9jour serein et sans soucis. Pour toutes les r\u00e9servations, nous permettons l&#8217;annulation gratuite jusqu&#8217;\u00e0 30 jours avant la date d&#8217;arriv\u00e9e pr\u00e9vue, vous permettant d&#8217;ajuster vos plans de voyage sans encourir de p\u00e9nalit\u00e9s jusqu&#8217;\u00e0 un mois avant votre s\u00e9jour.<\/p><p>Pour confirmer votre r\u00e9servation, vous pouvez utiliser une carte de cr\u00e9dit, qui sert uniquement \u00e0 garantir votre chambre sans n\u00e9cessit\u00e9 de verser un acompte. Alternativement, pour ceux qui le souhaitent, nous offrons la possibilit\u00e9 d&#8217;utiliser un virement bancaire comme m\u00e9thode de confirmation de r\u00e9servation. Dans ce cas, un acompte de 30% du montant total de la r\u00e9servation est requis. Cette option vous permet de choisir le mode de paiement qui convient le mieux \u00e0 vos besoins.<\/p><p>Le solde de la r\u00e9servation peut \u00eatre compl\u00e9t\u00e9 \u00e0 l&#8217;h\u00f4tel lors de l&#8217;arriv\u00e9e ou pendant votre s\u00e9jour, en choisissant le mode de paiement que vous pr\u00e9f\u00e9rez. Nous rappelons que les ch\u00e8ques ne sont pas accept\u00e9s. Si vous choisissez le virement bancaire pour le solde, celui-ci doit \u00eatre effectu\u00e9 \u00e0 l&#8217;arriv\u00e9e.<\/p><p>En cas de r\u00e9servation \u00abPr\u00e9pay\u00e9e non remboursable\u00bb, un pr\u00e9paiement du montant total du s\u00e9jour NON REMBOURSABLE sera demand\u00e9 en cas d\u2019annulation et\/ou de modifications.<\/p>\t<\/div>\n<\/div>\t\t\t\t<\/div>\n\t\t\t\t<\/div>\n\t\t            <\/div>\r\n        <\/div>\r\n        \t\t\t<\/div>\n\t\t<\/section>\n\t\t\t\t<\/div>\n\t\t","protected":false},"excerpt":{"rendered":"<p>Politique de R\u00c9SERVATION La politique de r\u00e9servation standard de l\u2019H\u00f4tel Anna est con\u00e7ue pour offrir \u00e0 nos clients la plus grande flexibilit\u00e9 et commodit\u00e9, assurant un s\u00e9jour serein et sans soucis. Pour toutes les r\u00e9servations, nous permettons l\u2019annulation gratuite jusqu\u2019\u00e0 30 jours avant la date d\u2019arriv\u00e9e pr\u00e9vue, vous permettant d\u2019ajuster vos plans de voyage sans [&hellip;]<\/p>\n","protected":false},"author":1,"featured_media":0,"parent":0,"menu_order":0,"comment_status":"closed","ping_status":"closed","template":"","meta":{"footnotes":""},"class_list":["post-5004","page","type-page","status-publish","hentry"],"yoast_head":"<!-- This site is optimized with the Yoast SEO plugin v26.6 - https:\/\/yoast.com\/wordpress\/plugins\/seo\/ -->\n<title>Politique de R\u00e9servation - Hotel Anna Isola d&#039;Elba<\/title>\n<meta name=\"description\" content=\"Consultez la politique de r\u00e9servation de l&#039;H\u00f4tel Anna. Toutes les informations sur l&#039;acompte, l&#039;annulation et les conditions de votre s\u00e9jour.\" \/>\n<meta name=\"robots\" content=\"index, follow, max-snippet:-1, max-image-preview:large, max-video-preview:-1\" \/>\n<link rel=\"canonical\" href=\"https:\/\/www.hotelannaisoladelba.it\/fr\/politique-de-reservation\/\" \/>\n<meta property=\"og:locale\" content=\"fr_FR\" \/>\n<meta property=\"og:type\" content=\"article\" \/>\n<meta property=\"og:title\" content=\"Politique de R\u00e9servation - Hotel Anna Isola d&#039;Elba\" \/>\n<meta property=\"og:description\" content=\"Consultez la politique de r\u00e9servation de l&#039;H\u00f4tel Anna. Toutes les informations sur l&#039;acompte, l&#039;annulation et les conditions de votre s\u00e9jour.\" \/>\n<meta property=\"og:url\" content=\"https:\/\/www.hotelannaisoladelba.it\/fr\/politique-de-reservation\/\" \/>\n<meta property=\"og:site_name\" content=\"Hotel Anna Isola d&#039;Elba\" \/>\n<meta property=\"article:publisher\" content=\"https:\/\/www.facebook.com\/AnnaHotelIsolaElba\" \/>\n<meta property=\"article:modified_time\" content=\"2025-08-05T09:07:58+00:00\" \/>\n<meta property=\"og:image\" content=\"https:\/\/www.hotelannaisoladelba.it\/wp-content\/uploads\/2023\/11\/logo-orizzonale.png\" \/>\n\t<meta property=\"og:image:width\" content=\"600\" \/>\n\t<meta property=\"og:image:height\" content=\"213\" \/>\n\t<meta property=\"og:image:type\" content=\"image\/png\" \/>\n<meta name=\"twitter:card\" content=\"summary_large_image\" \/>\n<meta name=\"twitter:label1\" content=\"Dur\u00e9e de lecture estim\u00e9e\" \/>\n\t<meta name=\"twitter:data1\" content=\"2 minutes\" \/>\n<script type=\"application\/ld+json\" class=\"yoast-schema-graph\">{\"@context\":\"https:\/\/schema.org\",\"@graph\":[{\"@type\":\"WebPage\",\"@id\":\"https:\/\/www.hotelannaisoladelba.it\/fr\/politique-de-reservation\/\",\"url\":\"https:\/\/www.hotelannaisoladelba.it\/fr\/politique-de-reservation\/\",\"name\":\"Politique de R\u00e9servation - Hotel Anna Isola d&#039;Elba\",\"isPartOf\":{\"@id\":\"https:\/\/www.hotelannaisoladelba.it\/#website\"},\"datePublished\":\"2023-10-26T06:43:26+00:00\",\"dateModified\":\"2025-08-05T09:07:58+00:00\",\"description\":\"Consultez la politique de r\u00e9servation de l'H\u00f4tel Anna. Toutes les informations sur l'acompte, l'annulation et les conditions de votre s\u00e9jour.\",\"breadcrumb\":{\"@id\":\"https:\/\/www.hotelannaisoladelba.it\/fr\/politique-de-reservation\/#breadcrumb\"},\"inLanguage\":\"fr-FR\",\"potentialAction\":[{\"@type\":\"ReadAction\",\"target\":[\"https:\/\/www.hotelannaisoladelba.it\/fr\/politique-de-reservation\/\"]}]},{\"@type\":\"BreadcrumbList\",\"@id\":\"https:\/\/www.hotelannaisoladelba.it\/fr\/politique-de-reservation\/#breadcrumb\",\"itemListElement\":[{\"@type\":\"ListItem\",\"position\":1,\"name\":\"Home\",\"item\":\"https:\/\/www.hotelannaisoladelba.it\/fr\/\"},{\"@type\":\"ListItem\",\"position\":2,\"name\":\"Politique de R\u00e9servation\"}]},{\"@type\":\"WebSite\",\"@id\":\"https:\/\/www.hotelannaisoladelba.it\/#website\",\"url\":\"https:\/\/www.hotelannaisoladelba.it\/\",\"name\":\"Hotel Anna Isola d'Elba\",\"description\":\"Albergo a conduzione familiare vicino alla spiaggia di Fetovaia all&#039;Isola d&#039;Elba\",\"publisher\":{\"@id\":\"https:\/\/www.hotelannaisoladelba.it\/#organization\"},\"potentialAction\":[{\"@type\":\"SearchAction\",\"target\":{\"@type\":\"EntryPoint\",\"urlTemplate\":\"https:\/\/www.hotelannaisoladelba.it\/?s={search_term_string}\"},\"query-input\":{\"@type\":\"PropertyValueSpecification\",\"valueRequired\":true,\"valueName\":\"search_term_string\"}}],\"inLanguage\":\"fr-FR\"},{\"@type\":\"Organization\",\"@id\":\"https:\/\/www.hotelannaisoladelba.it\/#organization\",\"name\":\"Hotel Anna Isola d'Elba\",\"url\":\"https:\/\/www.hotelannaisoladelba.it\/\",\"logo\":{\"@type\":\"ImageObject\",\"inLanguage\":\"fr-FR\",\"@id\":\"https:\/\/www.hotelannaisoladelba.it\/#\/schema\/logo\/image\/\",\"url\":\"https:\/\/www.hotelannaisoladelba.it\/wp-content\/uploads\/2023\/11\/logo-orizzonale.png\",\"contentUrl\":\"https:\/\/www.hotelannaisoladelba.it\/wp-content\/uploads\/2023\/11\/logo-orizzonale.png\",\"width\":600,\"height\":213,\"caption\":\"Hotel Anna Isola d'Elba\"},\"image\":{\"@id\":\"https:\/\/www.hotelannaisoladelba.it\/#\/schema\/logo\/image\/\"},\"sameAs\":[\"https:\/\/www.facebook.com\/AnnaHotelIsolaElba\"]}]}<\/script>\n<!-- \/ Yoast SEO plugin. -->","yoast_head_json":{"title":"Politique de R\u00e9servation - Hotel Anna Isola d&#039;Elba","description":"Consultez la politique de r\u00e9servation de l'H\u00f4tel Anna. Toutes les informations sur l'acompte, l'annulation et les conditions de votre s\u00e9jour.","robots":{"index":"index","follow":"follow","max-snippet":"max-snippet:-1","max-image-preview":"max-image-preview:large","max-video-preview":"max-video-preview:-1"},"canonical":"https:\/\/www.hotelannaisoladelba.it\/fr\/politique-de-reservation\/","og_locale":"fr_FR","og_type":"article","og_title":"Politique de R\u00e9servation - Hotel Anna Isola d&#039;Elba","og_description":"Consultez la politique de r\u00e9servation de l'H\u00f4tel Anna. Toutes les informations sur l'acompte, l'annulation et les conditions de votre s\u00e9jour.","og_url":"https:\/\/www.hotelannaisoladelba.it\/fr\/politique-de-reservation\/","og_site_name":"Hotel Anna Isola d&#039;Elba","article_publisher":"https:\/\/www.facebook.com\/AnnaHotelIsolaElba","article_modified_time":"2025-08-05T09:07:58+00:00","og_image":[{"width":600,"height":213,"url":"https:\/\/www.hotelannaisoladelba.it\/wp-content\/uploads\/2023\/11\/logo-orizzonale.png","type":"image\/png"}],"twitter_card":"summary_large_image","twitter_misc":{"Dur\u00e9e de lecture estim\u00e9e":"2 minutes"},"schema":{"@context":"https:\/\/schema.org","@graph":[{"@type":"WebPage","@id":"https:\/\/www.hotelannaisoladelba.it\/fr\/politique-de-reservation\/","url":"https:\/\/www.hotelannaisoladelba.it\/fr\/politique-de-reservation\/","name":"Politique de R\u00e9servation - Hotel Anna Isola d&#039;Elba","isPartOf":{"@id":"https:\/\/www.hotelannaisoladelba.it\/#website"},"datePublished":"2023-10-26T06:43:26+00:00","dateModified":"2025-08-05T09:07:58+00:00","description":"Consultez la politique de r\u00e9servation de l'H\u00f4tel Anna. Toutes les informations sur l'acompte, l'annulation et les conditions de votre s\u00e9jour.","breadcrumb":{"@id":"https:\/\/www.hotelannaisoladelba.it\/fr\/politique-de-reservation\/#breadcrumb"},"inLanguage":"fr-FR","potentialAction":[{"@type":"ReadAction","target":["https:\/\/www.hotelannaisoladelba.it\/fr\/politique-de-reservation\/"]}]},{"@type":"BreadcrumbList","@id":"https:\/\/www.hotelannaisoladelba.it\/fr\/politique-de-reservation\/#breadcrumb","itemListElement":[{"@type":"ListItem","position":1,"name":"Home","item":"https:\/\/www.hotelannaisoladelba.it\/fr\/"},{"@type":"ListItem","position":2,"name":"Politique de R\u00e9servation"}]},{"@type":"WebSite","@id":"https:\/\/www.hotelannaisoladelba.it\/#website","url":"https:\/\/www.hotelannaisoladelba.it\/","name":"Hotel Anna Isola d'Elba","description":"Albergo a conduzione familiare vicino alla spiaggia di Fetovaia all&#039;Isola d&#039;Elba","publisher":{"@id":"https:\/\/www.hotelannaisoladelba.it\/#organization"},"potentialAction":[{"@type":"SearchAction","target":{"@type":"EntryPoint","urlTemplate":"https:\/\/www.hotelannaisoladelba.it\/?s={search_term_string}"},"query-input":{"@type":"PropertyValueSpecification","valueRequired":true,"valueName":"search_term_string"}}],"inLanguage":"fr-FR"},{"@type":"Organization","@id":"https:\/\/www.hotelannaisoladelba.it\/#organization","name":"Hotel Anna Isola d'Elba","url":"https:\/\/www.hotelannaisoladelba.it\/","logo":{"@type":"ImageObject","inLanguage":"fr-FR","@id":"https:\/\/www.hotelannaisoladelba.it\/#\/schema\/logo\/image\/","url":"https:\/\/www.hotelannaisoladelba.it\/wp-content\/uploads\/2023\/11\/logo-orizzonale.png","contentUrl":"https:\/\/www.hotelannaisoladelba.it\/wp-content\/uploads\/2023\/11\/logo-orizzonale.png","width":600,"height":213,"caption":"Hotel Anna Isola d'Elba"},"image":{"@id":"https:\/\/www.hotelannaisoladelba.it\/#\/schema\/logo\/image\/"},"sameAs":["https:\/\/www.facebook.com\/AnnaHotelIsolaElba"]}]}},"_links":{"self":[{"href":"https:\/\/www.hotelannaisoladelba.it\/fr\/wp-json\/wp\/v2\/pages\/5004","targetHints":{"allow":["GET"]}}],"collection":[{"href":"https:\/\/www.hotelannaisoladelba.it\/fr\/wp-json\/wp\/v2\/pages"}],"about":[{"href":"https:\/\/www.hotelannaisoladelba.it\/fr\/wp-json\/wp\/v2\/types\/page"}],"author":[{"embeddable":true,"href":"https:\/\/www.hotelannaisoladelba.it\/fr\/wp-json\/wp\/v2\/users\/1"}],"replies":[{"embeddable":true,"href":"https:\/\/www.hotelannaisoladelba.it\/fr\/wp-json\/wp\/v2\/comments?post=5004"}],"version-history":[{"count":5,"href":"https:\/\/www.hotelannaisoladelba.it\/fr\/wp-json\/wp\/v2\/pages\/5004\/revisions"}],"predecessor-version":[{"id":9589,"href":"https:\/\/www.hotelannaisoladelba.it\/fr\/wp-json\/wp\/v2\/pages\/5004\/revisions\/9589"}],"wp:attachment":[{"href":"https:\/\/www.hotelannaisoladelba.it\/fr\/wp-json\/wp\/v2\/media?parent=5004"}],"curies":[{"name":"wp","href":"https:\/\/api.w.org\/{rel}","templated":true}]}}