{"id":5046,"date":"2023-05-22T14:33:49","date_gmt":"2023-05-22T12:33:49","guid":{"rendered":"http:\/\/hotelanna.youelba.com\/contatti\/"},"modified":"2025-08-11T19:59:58","modified_gmt":"2025-08-11T17:59:58","slug":"contacto","status":"publish","type":"page","link":"https:\/\/www.hotelannaisoladelba.it\/es\/contacto\/","title":{"rendered":"Contacto"},"content":{"rendered":"\t\t<div data-elementor-type=\"wp-page\" data-elementor-id=\"5046\" class=\"elementor elementor-5046 elementor-352\" data-elementor-post-type=\"page\">\n\t\t\t\t        <section class=\"elementor-section elementor-top-section elementor-element elementor-element-427d89d elementor-section-stretched elementor-section-boxed elementor-section-height-default elementor-section-height-default pxl-section-overflow-hidden-no\" data-id=\"427d89d\" data-element_type=\"section\" data-settings=\"{&quot;stretch_section&quot;:&quot;section-stretched&quot;,&quot;background_background&quot;:&quot;classic&quot;}\">\n\n                \n                <div class=\"elementor-container elementor-column-gap-extended \">\n                <div class=\"elementor-column elementor-col-100 elementor-top-column elementor-element elementor-element-1c4e162 col-offset-none pxl-column-element-default pxl-column-overflow-hidden-no\" data-id=\"1c4e162\" data-element_type=\"column\">\r\n        <div class=\"elementor-widget-wrap elementor-element-populated\">\r\n                     \r\n        \t\t<div class=\"elementor-element elementor-element-1ae7648 pxl-wg-bd-anm-no elementor-widget elementor-widget-pxl_heading\" data-id=\"1ae7648\" data-element_type=\"widget\" data-widget_type=\"pxl_heading.default\">\n\t\t\t\t<div class=\"elementor-widget-container\">\n\t\t\t\t\t<div class=\"pxl-heading\">\n\t<div class=\"pxl-heading--inner\">\n\t\t\t\t\t<div class=\"pxl-item--subtitle wow zoomIn\" data-wow-delay=\"900ms\"><span>Nuestro<\/span><\/div>\n\t\t\t\t<h1 class=\"pxl-item--title divider-none wow zoomIn \" data-wow-delay=\"900ms\">\n\t\tCONTACTO\t\t\n\n\t\t<\/h1>\n\t\t\t<\/div>\n<\/div>\t\t\t\t<\/div>\n\t\t\t\t<\/div>\n\t\t            <\/div>\r\n        <\/div>\r\n        \t\t\t<\/div>\n\t\t<\/section>\n\t\t        <section class=\"elementor-section elementor-top-section elementor-element elementor-element-bc1edbe elementor-section-boxed elementor-section-height-default elementor-section-height-default pxl-section-overflow-hidden-no elementor-invisible pxl-elementor-animate\" data-id=\"bc1edbe\" data-element_type=\"section\" data-settings=\"{&quot;animation&quot;:&quot;fadeInUp&quot;,&quot;animation_delay&quot;:1500}\">\n\n                \n                <div class=\"elementor-container elementor-column-gap-default \">\n                <div class=\"elementor-column elementor-col-50 elementor-top-column elementor-element elementor-element-2fa6315 col-offset-none pxl-column-element-default pxl-column-overflow-hidden-no\" data-id=\"2fa6315\" data-element_type=\"column\" data-settings=\"{&quot;background_background&quot;:&quot;classic&quot;}\">\r\n        <div class=\"elementor-widget-wrap elementor-element-populated\">\r\n                     \r\n        \t\t<div class=\"elementor-element elementor-element-73c0185 pxl-wg-bd-anm-no elementor-widget elementor-widget-pxl_heading\" data-id=\"73c0185\" data-element_type=\"widget\" data-widget_type=\"pxl_heading.default\">\n\t\t\t\t<div class=\"elementor-widget-container\">\n\t\t\t\t\t<div class=\"pxl-heading\">\n\t<div class=\"pxl-heading--inner\">\n\t\t\t\t<h3 class=\"pxl-item--title divider-none  \" data-wow-delay=\"ms\">\n\t\t\u00a1Rellene el formulario para recibir una oferta de estancia! De esta forma obtendr\u00e1s la mejor oferta para tus vacaciones en la Isla de Elba.\t\t\n\n\t\t<\/h3>\n\t\t\t<\/div>\n<\/div>\t\t\t\t<\/div>\n\t\t\t\t<\/div>\n\t\t\t\t<div class=\"elementor-element elementor-element-37c98b6 pxl-wg-bd-anm-no elementor-widget elementor-widget-html\" data-id=\"37c98b6\" data-element_type=\"widget\" data-widget_type=\"html.default\">\n\t\t\t\t<div class=\"elementor-widget-container\">\n\t\t\t\t\t<script id=\"fastreplymail-form\">\n\n   window['FRM_config'] = {\n\n    \"accentColor\": \"#ca8e46\",\n\n    \"primaryColor\": \"#33aaff\",\n\n    \"maxNights\": \"21\",\n\n    \"maxAccommodations\": \"2\",\n\n    \"maxAdults\": \"4\",\n\n    \"maxChildren\": \"2\",\n\n    \"maxChildAge\": \"16\",\n\n    \"showDiscountCode\": \"1\",\n\n    \"formId\": \"formnew\",\n\n    \"formName\": \"Form Hotel Website\"\n\n};\n\n   (function (f, a, s, t) {\n\n       e = a.createElement('script');\n\n       m = a.getElementById('fastreplymail-form');\n\n       e.async = true;\n\n       e.src = '\/\/admin.fastreplymail.it\/widgets\/v1\/request-form\/embed.js?properties[]=' + (Array.isArray(s) ? s.join('&properties[]=') : s) + '&language=' + (t || 'en');\n\n       m.parentNode.insertBefore(e, m);\n\n   })(window, document, ['2391971d-eee8-4ffe-ba3a-7be9d351232a'], 'en');\n\n<\/script>\t\t\t\t<\/div>\n\t\t\t\t<\/div>\n\t\t            <\/div>\r\n        <\/div>\r\n                <div class=\"elementor-column elementor-col-50 elementor-top-column elementor-element elementor-element-9caaf0a col-offset-none pxl-column-element-default pxl-column-overflow-hidden-no\" data-id=\"9caaf0a\" data-element_type=\"column\" data-settings=\"{&quot;background_background&quot;:&quot;classic&quot;}\">\r\n        <div class=\"elementor-widget-wrap elementor-element-populated\">\r\n                     \r\n                <section class=\"elementor-section elementor-inner-section elementor-element elementor-element-7b137aa elementor-section-boxed elementor-section-height-default elementor-section-height-default pxl-section-overflow-hidden-no\" data-id=\"7b137aa\" data-element_type=\"section\">\n\n                \n                <div class=\"elementor-container elementor-column-gap-extended \">\n                <div class=\"elementor-column elementor-col-100 elementor-inner-column elementor-element elementor-element-634a7a7 col-offset-none pxl-column-element-default pxl-column-overflow-hidden-no\" data-id=\"634a7a7\" data-element_type=\"column\">\r\n        <div class=\"elementor-widget-wrap elementor-element-populated\">\r\n                     \r\n        \t\t<div class=\"elementor-element elementor-element-f9ee0f2 pxl-wg-bd-anm-no elementor-widget elementor-widget-pxl_heading\" data-id=\"f9ee0f2\" data-element_type=\"widget\" data-widget_type=\"pxl_heading.default\">\n\t\t\t\t<div class=\"elementor-widget-container\">\n\t\t\t\t\t<div class=\"pxl-heading\">\n\t<div class=\"pxl-heading--inner\">\n\t\t\t\t<h3 class=\"pxl-item--title divider-none  \" data-wow-delay=\"ms\">\n\t\tD\u00f3nde estamos\t\t\n\n\t\t<\/h3>\n\t\t\t<\/div>\n<\/div>\t\t\t\t<\/div>\n\t\t\t\t<\/div>\n\t\t\t\t<div class=\"elementor-element elementor-element-294bd04 pxl-wg-bd-anm-no elementor-widget elementor-widget-pxl_contact_info\" data-id=\"294bd04\" data-element_type=\"widget\" data-widget_type=\"pxl_contact_info.default\">\n\t\t\t\t<div class=\"elementor-widget-container\">\n\t\t\t\t\t<div class=\"pxl-ci-wrap layout-1 relative cursor-map-target show-popup\">\n\t<div class=\"ci-content-wrap\">\n\t\t<div class=\"ci-content style1\">\n\t\t\t<div class=\"ci-icon\">\n\t\t\t\t\t\t\t<\/div>\n\t\t\t<div class=\"ci-content-right\">\n\t\t\t\t\t\t\t\t\t<h4 class=\"ci-title\">Direcci\u00f3n:<\/h4> \n\t\t\t\t\t\t\t\t\t\t\t\t\t<div class=\"ci-desc\">Via del Canaletto 215\/c, 57030<br \/>\nCampo nell'Elba<\/div> \n\t\t\t\t\t\t\t\t\n\t\t\t<\/div>\n\t\t<\/div>\n\t<\/div>\n\t\t<div class=\"pxl-map-wrap\">\n\t\t<div class=\"pxl-map-content overflow-hidden\">\n\t\t\t\t\t\t\t<iframe src=\"https:\/\/www.google.com\/maps\/embed?pb=!1m18!1m12!1m3!1d3305.721956573914!2d-118.2456390235217!3d34.05100271779454!2m3!1f0!2f0!3f0!3m2!1i1024!2i768!4f13.1!3m3!1m2!1s0x80c2c648d9808fbd%3A0xb79dfbc6ae338c12!2s100%20S%20Main%20St%2C%20Los%20Angeles%2C%20CA%2090012%2C%20USA!5e0!3m2!1sen!2sid!4v1684769650264!5m2!1sen!2sid\" width=\"600\" height=\"450\" style=\"border:0;\" allowfullscreen=\"\" loading=\"lazy\" referrerpolicy=\"no-referrer-when-downgrade\"><\/iframe>\t\t\t\t\t<\/div>\n\t<\/div>\n<\/div>\t\t\t\t<\/div>\n\t\t\t\t<\/div>\n\t\t\t\t<div class=\"elementor-element elementor-element-e51b531 pxl-wg-bd-anm-no elementor-widget elementor-widget-pxl_divider\" data-id=\"e51b531\" data-element_type=\"widget\" data-widget_type=\"pxl_divider.default\">\n\t\t\t\t<div class=\"elementor-widget-container\">\n\t\t\t\t\t<div class=\"pxl-divider horizontal animated slow\"><div class=\"pxl-divider-separator\"><\/div><\/div>\t\t\t\t<\/div>\n\t\t\t\t<\/div>\n\t\t\t\t<div class=\"elementor-element elementor-element-576ba65 pxl-wg-bd-anm-no elementor-widget elementor-widget-pxl_contact_info\" data-id=\"576ba65\" data-element_type=\"widget\" data-widget_type=\"pxl_contact_info.default\">\n\t\t\t\t<div class=\"elementor-widget-container\">\n\t\t\t\t\t<div class=\"pxl-ci-wrap layout-1 relative  show-popup\">\n\t<div class=\"ci-content-wrap\">\n\t\t<div class=\"ci-content style1\">\n\t\t\t<div class=\"ci-icon\">\n\t\t\t\t\t\t\t<\/div>\n\t\t\t<div class=\"ci-content-right\">\n\t\t\t\t\t\t\t\t\t<h4 class=\"ci-title\">Tel\u00e9fono:<\/h4> \n\t\t\t\t\t\t\t\t\t\t\t\t\t<div class=\"ci-desc\"><a href=\"tel:+390565988032\">+39 0565 988032<\/a><\/div> \n\t\t\t\t\t\t\t\t\n\t\t\t<\/div>\n\t\t<\/div>\n\t<\/div>\n\t<\/div>\t\t\t\t<\/div>\n\t\t\t\t<\/div>\n\t\t\t\t<div class=\"elementor-element elementor-element-7a4c6af pxl-wg-bd-anm-no elementor-widget elementor-widget-pxl_divider\" data-id=\"7a4c6af\" data-element_type=\"widget\" data-widget_type=\"pxl_divider.default\">\n\t\t\t\t<div class=\"elementor-widget-container\">\n\t\t\t\t\t<div class=\"pxl-divider horizontal animated slow\"><div class=\"pxl-divider-separator\"><\/div><\/div>\t\t\t\t<\/div>\n\t\t\t\t<\/div>\n\t\t\t\t<div class=\"elementor-element elementor-element-e2816fa pxl-wg-bd-anm-no elementor-widget elementor-widget-pxl_contact_info\" data-id=\"e2816fa\" data-element_type=\"widget\" data-widget_type=\"pxl_contact_info.default\">\n\t\t\t\t<div class=\"elementor-widget-container\">\n\t\t\t\t\t<div class=\"pxl-ci-wrap layout-1 relative  show-popup\">\n\t<div class=\"ci-content-wrap\">\n\t\t<div class=\"ci-content style1\">\n\t\t\t<div class=\"ci-icon\">\n\t\t\t\t\t\t\t<\/div>\n\t\t\t<div class=\"ci-content-right\">\n\t\t\t\t\t\t\t\t\t<h4 class=\"ci-title\">M\u00f3vil:<\/h4> \n\t\t\t\t\t\t\t\t\t\t\t\t\t<div class=\"ci-desc\"><a href=\"tel:+393921503040\">+39 392 1503040<\/a><\/div> \n\t\t\t\t\t\t\t\t\n\t\t\t<\/div>\n\t\t<\/div>\n\t<\/div>\n\t<\/div>\t\t\t\t<\/div>\n\t\t\t\t<\/div>\n\t\t\t\t<div class=\"elementor-element elementor-element-ff6a4ea pxl-wg-bd-anm-no elementor-widget elementor-widget-pxl_divider\" data-id=\"ff6a4ea\" data-element_type=\"widget\" data-widget_type=\"pxl_divider.default\">\n\t\t\t\t<div class=\"elementor-widget-container\">\n\t\t\t\t\t<div class=\"pxl-divider horizontal animated slow\"><div class=\"pxl-divider-separator\"><\/div><\/div>\t\t\t\t<\/div>\n\t\t\t\t<\/div>\n\t\t\t\t<div class=\"elementor-element elementor-element-82e3643 pxl-wg-bd-anm-no elementor-widget elementor-widget-pxl_contact_info\" data-id=\"82e3643\" data-element_type=\"widget\" data-widget_type=\"pxl_contact_info.default\">\n\t\t\t\t<div class=\"elementor-widget-container\">\n\t\t\t\t\t<div class=\"pxl-ci-wrap layout-1 relative  show-popup\">\n\t<div class=\"ci-content-wrap\">\n\t\t<div class=\"ci-content style1\">\n\t\t\t<div class=\"ci-icon\">\n\t\t\t\t\t\t\t<\/div>\n\t\t\t<div class=\"ci-content-right\">\n\t\t\t\t\t\t\t\t\t<h4 class=\"ci-title\">Email:<\/h4> \n\t\t\t\t\t\t\t\t\t\t\t\t\t<div class=\"ci-desc\"><a href=\"mailto:anna@fetovaia.it\">anna@fetovaia.it<\/a><\/div> \n\t\t\t\t\t\t\t\t\n\t\t\t<\/div>\n\t\t<\/div>\n\t<\/div>\n\t<\/div>\t\t\t\t<\/div>\n\t\t\t\t<\/div>\n\t\t\t\t<div class=\"elementor-element elementor-element-cb8a331 pxl-wg-bd-anm-no elementor-widget elementor-widget-pxl_divider\" data-id=\"cb8a331\" data-element_type=\"widget\" data-widget_type=\"pxl_divider.default\">\n\t\t\t\t<div class=\"elementor-widget-container\">\n\t\t\t\t\t<div class=\"pxl-divider horizontal animated slow\"><div class=\"pxl-divider-separator\"><\/div><\/div>\t\t\t\t<\/div>\n\t\t\t\t<\/div>\n\t\t            <\/div>\r\n        <\/div>\r\n        \t\t\t<\/div>\n\t\t<\/section>\n\t\t\t\t<div class=\"elementor-element elementor-element-513bc57 pxl-wg-bd-anm-no elementor-widget elementor-widget-google_maps\" data-id=\"513bc57\" data-element_type=\"widget\" data-widget_type=\"google_maps.default\">\n\t\t\t\t<div class=\"elementor-widget-container\">\n\t\t\t\t\t\t\t<div class=\"elementor-custom-embed\">\n\t\t\t<iframe loading=\"lazy\"\n\t\t\t\t\tsrc=\"https:\/\/maps.google.com\/maps?q=Via%20del%20Canaletto%20215%2Fc%2C%2057030%20-%20Campo%20Nell%27elba&#038;t=m&#038;z=15&#038;output=embed&#038;iwloc=near\"\n\t\t\t\t\ttitle=\"Via del Canaletto 215\/c, 57030 - Campo Nell&#039;elba\"\n\t\t\t\t\taria-label=\"Via del Canaletto 215\/c, 57030 - Campo Nell&#039;elba\"\n\t\t\t><\/iframe>\n\t\t<\/div>\n\t\t\t\t\t\t<\/div>\n\t\t\t\t<\/div>\n\t\t            <\/div>\r\n        <\/div>\r\n        \t\t\t<\/div>\n\t\t<\/section>\n\t\t\t\t<\/div>\n\t\t","protected":false},"excerpt":{"rendered":"<p>Nuestro CONTACTO \u00a1Rellene el formulario para recibir una oferta de estancia! De esta forma obtendr\u00e1s la mejor oferta para tus vacaciones en la Isla de Elba. D\u00f3nde estamos Direcci\u00f3n: Via del Canaletto 215\/c, 57030 Campo nell&#8217;Elba Tel\u00e9fono: +39 0565 988032 M\u00f3vil: +39 392 1503040 Email: anna@fetovaia.it<\/p>\n","protected":false},"author":1,"featured_media":0,"parent":0,"menu_order":0,"comment_status":"closed","ping_status":"closed","template":"","meta":{"footnotes":""},"class_list":["post-5046","page","type-page","status-publish","hentry"],"yoast_head":"<!-- This site is optimized with the Yoast SEO plugin v26.6 - https:\/\/yoast.com\/wordpress\/plugins\/seo\/ -->\n<title>Contacto - Hotel Anna Isola d&#039;Elba<\/title>\n<meta name=\"description\" content=\"Contacta con el Hotel Anna en Fetovaia, Elba. Encuentra nuestra direcci\u00f3n, tel\u00e9fono y correo para reservar tus vacaciones de ensue\u00f1o.\" \/>\n<meta name=\"robots\" content=\"index, follow, max-snippet:-1, max-image-preview:large, max-video-preview:-1\" \/>\n<link rel=\"canonical\" href=\"https:\/\/www.hotelannaisoladelba.it\/es\/contacto\/\" \/>\n<meta property=\"og:locale\" content=\"es_ES\" \/>\n<meta property=\"og:type\" content=\"article\" \/>\n<meta property=\"og:title\" content=\"Contacto - Hotel Anna Isola d&#039;Elba\" \/>\n<meta property=\"og:description\" content=\"Contacta con el Hotel Anna en Fetovaia, Elba. Encuentra nuestra direcci\u00f3n, tel\u00e9fono y correo para reservar tus vacaciones de ensue\u00f1o.\" \/>\n<meta property=\"og:url\" content=\"https:\/\/www.hotelannaisoladelba.it\/es\/contacto\/\" \/>\n<meta property=\"og:site_name\" content=\"Hotel Anna Isola d&#039;Elba\" \/>\n<meta property=\"article:publisher\" content=\"https:\/\/www.facebook.com\/AnnaHotelIsolaElba\" \/>\n<meta property=\"article:modified_time\" content=\"2025-08-11T17:59:58+00:00\" \/>\n<meta property=\"og:image\" content=\"https:\/\/www.hotelannaisoladelba.it\/wp-content\/uploads\/2023\/11\/logo-orizzonale.png\" \/>\n\t<meta property=\"og:image:width\" content=\"600\" \/>\n\t<meta property=\"og:image:height\" content=\"213\" \/>\n\t<meta property=\"og:image:type\" content=\"image\/png\" \/>\n<meta name=\"twitter:card\" content=\"summary_large_image\" \/>\n<meta name=\"twitter:label1\" content=\"Tiempo de lectura\" \/>\n\t<meta name=\"twitter:data1\" content=\"1 minuto\" \/>\n<script type=\"application\/ld+json\" class=\"yoast-schema-graph\">{\"@context\":\"https:\/\/schema.org\",\"@graph\":[{\"@type\":\"WebPage\",\"@id\":\"https:\/\/www.hotelannaisoladelba.it\/es\/contacto\/\",\"url\":\"https:\/\/www.hotelannaisoladelba.it\/es\/contacto\/\",\"name\":\"Contacto - Hotel Anna Isola d&#039;Elba\",\"isPartOf\":{\"@id\":\"https:\/\/www.hotelannaisoladelba.it\/#website\"},\"datePublished\":\"2023-05-22T12:33:49+00:00\",\"dateModified\":\"2025-08-11T17:59:58+00:00\",\"description\":\"Contacta con el Hotel Anna en Fetovaia, Elba. Encuentra nuestra direcci\u00f3n, tel\u00e9fono y correo para reservar tus vacaciones de ensue\u00f1o.\",\"breadcrumb\":{\"@id\":\"https:\/\/www.hotelannaisoladelba.it\/es\/contacto\/#breadcrumb\"},\"inLanguage\":\"es\",\"potentialAction\":[{\"@type\":\"ReadAction\",\"target\":[\"https:\/\/www.hotelannaisoladelba.it\/es\/contacto\/\"]}]},{\"@type\":\"BreadcrumbList\",\"@id\":\"https:\/\/www.hotelannaisoladelba.it\/es\/contacto\/#breadcrumb\",\"itemListElement\":[{\"@type\":\"ListItem\",\"position\":1,\"name\":\"Home\",\"item\":\"https:\/\/www.hotelannaisoladelba.it\/\"},{\"@type\":\"ListItem\",\"position\":2,\"name\":\"Contacto\"}]},{\"@type\":\"WebSite\",\"@id\":\"https:\/\/www.hotelannaisoladelba.it\/#website\",\"url\":\"https:\/\/www.hotelannaisoladelba.it\/\",\"name\":\"Hotel Anna Isola d'Elba\",\"description\":\"Albergo a conduzione familiare vicino alla spiaggia di Fetovaia all&#039;Isola d&#039;Elba\",\"publisher\":{\"@id\":\"https:\/\/www.hotelannaisoladelba.it\/#organization\"},\"potentialAction\":[{\"@type\":\"SearchAction\",\"target\":{\"@type\":\"EntryPoint\",\"urlTemplate\":\"https:\/\/www.hotelannaisoladelba.it\/?s={search_term_string}\"},\"query-input\":{\"@type\":\"PropertyValueSpecification\",\"valueRequired\":true,\"valueName\":\"search_term_string\"}}],\"inLanguage\":\"es\"},{\"@type\":\"Organization\",\"@id\":\"https:\/\/www.hotelannaisoladelba.it\/#organization\",\"name\":\"Hotel Anna Isola d'Elba\",\"url\":\"https:\/\/www.hotelannaisoladelba.it\/\",\"logo\":{\"@type\":\"ImageObject\",\"inLanguage\":\"es\",\"@id\":\"https:\/\/www.hotelannaisoladelba.it\/#\/schema\/logo\/image\/\",\"url\":\"https:\/\/www.hotelannaisoladelba.it\/wp-content\/uploads\/2023\/11\/logo-orizzonale.png\",\"contentUrl\":\"https:\/\/www.hotelannaisoladelba.it\/wp-content\/uploads\/2023\/11\/logo-orizzonale.png\",\"width\":600,\"height\":213,\"caption\":\"Hotel Anna Isola d'Elba\"},\"image\":{\"@id\":\"https:\/\/www.hotelannaisoladelba.it\/#\/schema\/logo\/image\/\"},\"sameAs\":[\"https:\/\/www.facebook.com\/AnnaHotelIsolaElba\"]}]}<\/script>\n<!-- \/ Yoast SEO plugin. -->","yoast_head_json":{"title":"Contacto - Hotel Anna Isola d&#039;Elba","description":"Contacta con el Hotel Anna en Fetovaia, Elba. Encuentra nuestra direcci\u00f3n, tel\u00e9fono y correo para reservar tus vacaciones de ensue\u00f1o.","robots":{"index":"index","follow":"follow","max-snippet":"max-snippet:-1","max-image-preview":"max-image-preview:large","max-video-preview":"max-video-preview:-1"},"canonical":"https:\/\/www.hotelannaisoladelba.it\/es\/contacto\/","og_locale":"es_ES","og_type":"article","og_title":"Contacto - Hotel Anna Isola d&#039;Elba","og_description":"Contacta con el Hotel Anna en Fetovaia, Elba. Encuentra nuestra direcci\u00f3n, tel\u00e9fono y correo para reservar tus vacaciones de ensue\u00f1o.","og_url":"https:\/\/www.hotelannaisoladelba.it\/es\/contacto\/","og_site_name":"Hotel Anna Isola d&#039;Elba","article_publisher":"https:\/\/www.facebook.com\/AnnaHotelIsolaElba","article_modified_time":"2025-08-11T17:59:58+00:00","og_image":[{"width":600,"height":213,"url":"https:\/\/www.hotelannaisoladelba.it\/wp-content\/uploads\/2023\/11\/logo-orizzonale.png","type":"image\/png"}],"twitter_card":"summary_large_image","twitter_misc":{"Tiempo de lectura":"1 minuto"},"schema":{"@context":"https:\/\/schema.org","@graph":[{"@type":"WebPage","@id":"https:\/\/www.hotelannaisoladelba.it\/es\/contacto\/","url":"https:\/\/www.hotelannaisoladelba.it\/es\/contacto\/","name":"Contacto - Hotel Anna Isola d&#039;Elba","isPartOf":{"@id":"https:\/\/www.hotelannaisoladelba.it\/#website"},"datePublished":"2023-05-22T12:33:49+00:00","dateModified":"2025-08-11T17:59:58+00:00","description":"Contacta con el Hotel Anna en Fetovaia, Elba. Encuentra nuestra direcci\u00f3n, tel\u00e9fono y correo para reservar tus vacaciones de ensue\u00f1o.","breadcrumb":{"@id":"https:\/\/www.hotelannaisoladelba.it\/es\/contacto\/#breadcrumb"},"inLanguage":"es","potentialAction":[{"@type":"ReadAction","target":["https:\/\/www.hotelannaisoladelba.it\/es\/contacto\/"]}]},{"@type":"BreadcrumbList","@id":"https:\/\/www.hotelannaisoladelba.it\/es\/contacto\/#breadcrumb","itemListElement":[{"@type":"ListItem","position":1,"name":"Home","item":"https:\/\/www.hotelannaisoladelba.it\/"},{"@type":"ListItem","position":2,"name":"Contacto"}]},{"@type":"WebSite","@id":"https:\/\/www.hotelannaisoladelba.it\/#website","url":"https:\/\/www.hotelannaisoladelba.it\/","name":"Hotel Anna Isola d'Elba","description":"Albergo a conduzione familiare vicino alla spiaggia di Fetovaia all&#039;Isola d&#039;Elba","publisher":{"@id":"https:\/\/www.hotelannaisoladelba.it\/#organization"},"potentialAction":[{"@type":"SearchAction","target":{"@type":"EntryPoint","urlTemplate":"https:\/\/www.hotelannaisoladelba.it\/?s={search_term_string}"},"query-input":{"@type":"PropertyValueSpecification","valueRequired":true,"valueName":"search_term_string"}}],"inLanguage":"es"},{"@type":"Organization","@id":"https:\/\/www.hotelannaisoladelba.it\/#organization","name":"Hotel Anna Isola d'Elba","url":"https:\/\/www.hotelannaisoladelba.it\/","logo":{"@type":"ImageObject","inLanguage":"es","@id":"https:\/\/www.hotelannaisoladelba.it\/#\/schema\/logo\/image\/","url":"https:\/\/www.hotelannaisoladelba.it\/wp-content\/uploads\/2023\/11\/logo-orizzonale.png","contentUrl":"https:\/\/www.hotelannaisoladelba.it\/wp-content\/uploads\/2023\/11\/logo-orizzonale.png","width":600,"height":213,"caption":"Hotel Anna Isola d'Elba"},"image":{"@id":"https:\/\/www.hotelannaisoladelba.it\/#\/schema\/logo\/image\/"},"sameAs":["https:\/\/www.facebook.com\/AnnaHotelIsolaElba"]}]}},"_links":{"self":[{"href":"https:\/\/www.hotelannaisoladelba.it\/es\/wp-json\/wp\/v2\/pages\/5046","targetHints":{"allow":["GET"]}}],"collection":[{"href":"https:\/\/www.hotelannaisoladelba.it\/es\/wp-json\/wp\/v2\/pages"}],"about":[{"href":"https:\/\/www.hotelannaisoladelba.it\/es\/wp-json\/wp\/v2\/types\/page"}],"author":[{"embeddable":true,"href":"https:\/\/www.hotelannaisoladelba.it\/es\/wp-json\/wp\/v2\/users\/1"}],"replies":[{"embeddable":true,"href":"https:\/\/www.hotelannaisoladelba.it\/es\/wp-json\/wp\/v2\/comments?post=5046"}],"version-history":[{"count":5,"href":"https:\/\/www.hotelannaisoladelba.it\/es\/wp-json\/wp\/v2\/pages\/5046\/revisions"}],"predecessor-version":[{"id":9888,"href":"https:\/\/www.hotelannaisoladelba.it\/es\/wp-json\/wp\/v2\/pages\/5046\/revisions\/9888"}],"wp:attachment":[{"href":"https:\/\/www.hotelannaisoladelba.it\/es\/wp-json\/wp\/v2\/media?parent=5046"}],"curies":[{"name":"wp","href":"https:\/\/api.w.org\/{rel}","templated":true}]}}