{"id":6440,"date":"2023-11-30T11:27:44","date_gmt":"2023-11-30T10:27:44","guid":{"rendered":"https:\/\/www.hotelannaisoladelba.it\/experience\/mtb\/"},"modified":"2025-08-13T17:53:49","modified_gmt":"2025-08-13T15:53:49","slug":"mtb","status":"publish","type":"page","link":"https:\/\/www.hotelannaisoladelba.it\/de\/experience\/mtb\/","title":{"rendered":"MTB: Bike Land Elba Ovest &#8211; Insel Elba"},"content":{"rendered":"\t\t<div data-elementor-type=\"wp-page\" data-elementor-id=\"6440\" class=\"elementor elementor-6440 elementor-5949\" data-elementor-post-type=\"page\">\n\t\t\t\t        <section class=\"elementor-section elementor-top-section elementor-element elementor-element-5feadf2 elementor-section-full_width elementor-section-height-full elementor-section-height-default elementor-section-items-middle pxl-section-offset-none pxl-section-overflow-hidden-no\" data-id=\"5feadf2\" data-element_type=\"section\" data-settings=\"{&quot;background_background&quot;:&quot;video&quot;,&quot;background_video_link&quot;:&quot;https:\\\/\\\/www.hotelannaisoladelba.it\\\/wp-content\\\/uploads\\\/2023\\\/11\\\/BIKE-LAND.mp4&quot;,&quot;background_play_on_mobile&quot;:&quot;yes&quot;}\">\n\n                                <div class=\"elementor-background-video-container\">\n                                            <video class=\"elementor-background-video-hosted elementor-html5-video\" autoplay muted playsinline loop><\/video>\n                                    <\/div>\n                \n                <div class=\"elementor-container elementor-column-gap-no \">\n                <div class=\"elementor-column elementor-col-100 elementor-top-column elementor-element elementor-element-74dc193 col-offset-none pxl-column-element-default pxl-column-overflow-hidden-no\" data-id=\"74dc193\" data-element_type=\"column\">\r\n        <div class=\"elementor-widget-wrap elementor-element-populated\">\r\n                     \r\n        \t\t<div class=\"elementor-element elementor-element-96d9b01 pxl-wg-bd-anm-no elementor-widget elementor-widget-text-editor\" data-id=\"96d9b01\" data-element_type=\"widget\" data-widget_type=\"text-editor.default\">\n\t\t\t\t<div class=\"elementor-widget-container\">\n\t\t\t\t\t\t\t\t\t<h1 style=\"text-align: left;\"><span style=\"color: var(--secondary-color);\">Bike Land<\/span><\/h1>\n<h2>Elba Ovest<\/h2>\t\t\t\t\t\t\t\t<\/div>\n\t\t\t\t<\/div>\n\t\t            <\/div>\r\n        <\/div>\r\n        \t\t\t<\/div>\n\t\t<\/section>\n\t\t        <section class=\"elementor-section elementor-top-section elementor-element elementor-element-15a1c80 elementor-section-stretched elementor-section-boxed elementor-section-height-default elementor-section-height-default pxl-section-overflow-hidden-no\" data-id=\"15a1c80\" data-element_type=\"section\" data-settings=\"{&quot;stretch_section&quot;:&quot;section-stretched&quot;,&quot;background_background&quot;:&quot;classic&quot;}\">\n\n                \n                <div class=\"elementor-container elementor-column-gap-extended \">\n                <div class=\"elementor-column elementor-col-50 elementor-top-column elementor-element elementor-element-b9bf0dc col-offset-none pxl-column-element-default pxl-column-overflow-hidden-no\" data-id=\"b9bf0dc\" data-element_type=\"column\">\r\n        <div class=\"elementor-widget-wrap elementor-element-populated\">\r\n                     \r\n        \t\t<div class=\"elementor-element elementor-element-f332ad0 elementor-widget__width-auto elementor-widget-tablet__width-initial pxl-wg-bd-anm-no elementor-widget elementor-widget-pxl_image_parallax\" data-id=\"f332ad0\" data-element_type=\"widget\" data-widget_type=\"pxl_image_parallax.default\">\n\t\t\t\t<div class=\"elementor-widget-container\">\n\t\t\t\t\t<div id=\"pxl_image_parallax-f332ad0-8725\" class=\"pxl-image-wg\" data-parallax=\"{&quot;y&quot;:&quot;-50&quot;}\" data-wow-delay=\"ms\">\n\t\t<img fetchpriority=\"high\" decoding=\"async\" width=\"1280\" height=\"1920\" src=\"https:\/\/www.hotelannaisoladelba.it\/wp-content\/uploads\/2023\/11\/mtb-isola-elba.jpg\" class=\"attachment-full size-full wp-image-5955\" alt=\"Immagine di un ciclista con casco e abbigliamento tecnico mentre affronta una discesa in mountain bike su un sentiero sterrato all&#039;Isola d&#039;Elba, nel Bike Land Ovest, sollevando polvere tra cespugli fioriti gialli.\" srcset=\"https:\/\/www.hotelannaisoladelba.it\/wp-content\/uploads\/2023\/11\/mtb-isola-elba.jpg 1280w, https:\/\/www.hotelannaisoladelba.it\/wp-content\/uploads\/2023\/11\/mtb-isola-elba-400x600.jpg 400w, https:\/\/www.hotelannaisoladelba.it\/wp-content\/uploads\/2023\/11\/mtb-isola-elba-800x1200.jpg 800w, https:\/\/www.hotelannaisoladelba.it\/wp-content\/uploads\/2023\/11\/mtb-isola-elba-768x1152.jpg 768w, https:\/\/www.hotelannaisoladelba.it\/wp-content\/uploads\/2023\/11\/mtb-isola-elba-1024x1536.jpg 1024w, https:\/\/www.hotelannaisoladelba.it\/wp-content\/uploads\/2023\/11\/mtb-isola-elba-473x710.jpg 473w\" sizes=\"(max-width: 1280px) 100vw, 1280px\" \/>\t<\/div>\n\t\t\t\t<\/div>\n\t\t\t\t<\/div>\n\t\t            <\/div>\r\n        <\/div>\r\n                <div class=\"elementor-column elementor-col-50 elementor-top-column elementor-element elementor-element-7974968 col-offset-none pxl-column-element-default pxl-column-overflow-hidden-no\" data-id=\"7974968\" data-element_type=\"column\">\r\n        <div class=\"elementor-widget-wrap elementor-element-populated\">\r\n                     \r\n        \t\t<div class=\"elementor-element elementor-element-20fa3d5 pxl-wg-bd-anm-no elementor-widget elementor-widget-pxl_heading\" data-id=\"20fa3d5\" data-element_type=\"widget\" data-widget_type=\"pxl_heading.default\">\n\t\t\t\t<div class=\"elementor-widget-container\">\n\t\t\t\t\t<div class=\"pxl-heading\">\n\t<div class=\"pxl-heading--inner\">\n\t\t\t\t<h2 class=\"pxl-item--title divider-right  \" data-wow-delay=\"ms\">\n\t\tEin wahres Paradies f\u00fcr Fahrradliebhaber\t\t\n\n\t\t<\/h2>\n\t\t\t<\/div>\n<\/div>\t\t\t\t<\/div>\n\t\t\t\t<\/div>\n\t\t\t\t<div class=\"elementor-element elementor-element-507db21 pxl-wg-bd-anm-no elementor-widget elementor-widget-pxl_text_editor\" data-id=\"507db21\" data-element_type=\"widget\" data-widget_type=\"pxl_text_editor.default\">\n\t\t\t\t<div class=\"elementor-widget-container\">\n\t\t\t\t\t<div class=\"pxl-text-editor \">\n\t<div class=\"pxl-item--inner \" data-wow-delay=\"ms\">\n\t\t<p>Sind Sie ein Liebhaber des Mountainbikes oder m\u00f6chten Sie die Natur der Insel Elba auf zwei R\u00e4dern erkunden? Ausgehend vom Hotel Anna in Richtung Sant&#8217;Ilario erwarten Sie verschiedene Routen, um das Bike Land Elba Ovest zu entdecken, ein wahres Paradies f\u00fcr Liebhaber des Zweirads.<\/p><p>Die Wege des Bike Land Elba Ovest f\u00fchren durch das Gebiet der Vie del Granito, einer beeindruckenden Gegend mit Blick auf die malerischen D\u00f6rfer San Piero und Sant &#8216;Ilario. Dieses Gebiet zeichnet sich durch atemberaubende Ausblicke, bezaubernde Naturlandschaften, stillgelegte Steinbr\u00fcche, antike Granitartefakte und pr\u00e4historische St\u00e4tten aus.<\/p><p>Die Routen von Bike Land Elba Ovest mit unterschiedlichen Schwierigkeitsgraden und L\u00e4ngen sind gut ausgeschildert und mit Farben und Hinweisen versehen.<\/p><p>Egal, ob Sie ein erfahrener Radfahrer sind, der eine Herausforderung sucht, oder ein Anf\u00e4nger, der diese faszinierende Insel auf zwei R\u00e4dern entdecken m\u00f6chte, Bike Land Elba Ovest hat f\u00fcr jeden etwas zu bieten.<\/p>\t<\/div>\n<\/div>\t\t\t\t<\/div>\n\t\t\t\t<\/div>\n\t\t\t\t<div class=\"elementor-element elementor-element-abf6a62 pxl-wg-bd-anm-no elementor-widget elementor-widget-pxl_text_editor\" data-id=\"abf6a62\" data-element_type=\"widget\" data-widget_type=\"pxl_text_editor.default\">\n\t\t\t\t<div class=\"elementor-widget-container\">\n\t\t\t\t\t<div class=\"pxl-text-editor \">\n\t<div class=\"pxl-item--inner \" data-wow-delay=\"ms\">\n\t\t<h3>ROUTEN BIKE LAND ELBA OVEST<\/h3>\n<ul>\n \t<li><a href=\"https:\/\/www.elbaovest.com\/percorso-azzurro\/\" target=\"_blank\" rel=\"noopener\">ROUTEN AZZURRO<\/a><\/li>\n \t<li><a href=\"https:\/\/www.elbaovest.com\/percorso-giallo\/\" target=\"_blank\" rel=\"noopener\">ROUTEN GIALLO<\/a><\/li>\n \t<li><a href=\"https:\/\/www.elbaovest.com\/percorso-rosso\/\" target=\"_blank\" rel=\"noopener\">ROUTEN ROSSO<\/a><\/li>\n \t<li><a href=\"https:\/\/www.elbaovest.com\/percorso-nero\/\" target=\"_blank\" rel=\"noopener\">ROUTEN NERO<\/a><\/li>\n<\/ul>\t<\/div>\n<\/div>\t\t\t\t<\/div>\n\t\t\t\t<\/div>\n\t\t\t\t<div class=\"elementor-element elementor-element-e43be73 pxl-wg-bd-anm-no elementor-widget elementor-widget-pxl_text_editor\" data-id=\"e43be73\" data-element_type=\"widget\" data-widget_type=\"pxl_text_editor.default\">\n\t\t\t\t<div class=\"elementor-widget-container\">\n\t\t\t\t\t<div class=\"pxl-text-editor \">\n\t<div class=\"pxl-item--inner \" data-wow-delay=\"ms\">\n\t\t<h3>ANDERE ROUTEN<\/h3>\n<ul>\n \t<li><a href=\"https:\/\/www.komoot.com\/it-it\/smarttour\/e1008971640\/isola-d-elba-marina-di-campo-monte-san-martino-procchio-giro-ad-anello?ref=wsd\" target=\"_blank\" rel=\"noopener\">Marina di Campo, Monte San Martino, Procchio<\/a><\/li>\n \t<li><a href=\"https:\/\/www.komoot.com\/it-it\/tour\/1385280837?ref=wtd&amp;share_token=agh5M3CPYHu7MMVlJ224CztRyw6CsvW2xfECUDfgMPbjRK3Lay\" target=\"_blank\" rel=\"noopener\">Anello Elba Occidentale con Monte Perone<\/a><\/li>\n<\/ul>\t<\/div>\n<\/div>\t\t\t\t<\/div>\n\t\t\t\t<\/div>\n\t\t            <\/div>\r\n        <\/div>\r\n        \t\t\t<\/div>\n\t\t<\/section>\n\t\t\t\t<\/div>\n\t\t","protected":false},"excerpt":{"rendered":"<p>Bike Land Elba Ovest Ein wahres Paradies f\u00fcr Fahrradliebhaber Sind Sie ein Liebhaber des Mountainbikes oder m\u00f6chten Sie die Natur der Insel Elba auf zwei R\u00e4dern erkunden? Ausgehend vom Hotel Anna in Richtung Sant\u2019Ilario erwarten Sie verschiedene Routen, um das Bike Land Elba Ovest zu entdecken, ein wahres Paradies f\u00fcr Liebhaber des Zweirads. Die Wege [&hellip;]<\/p>\n","protected":false},"author":1,"featured_media":0,"parent":6432,"menu_order":0,"comment_status":"closed","ping_status":"closed","template":"","meta":{"footnotes":""},"class_list":["post-6440","page","type-page","status-publish","hentry"],"yoast_head":"<!-- This site is optimized with the Yoast SEO plugin v26.6 - https:\/\/yoast.com\/wordpress\/plugins\/seo\/ -->\n<title>MTB: Bike Land Elba Ovest | Insel Elba | Hotel Anna<\/title>\n<meta name=\"description\" content=\"Lust auf Mountainbiken? Erkunden Sie die fantastischen Trails im Westen Elbas. Das Hotel Anna ist die perfekte Basis f\u00fcr Ihren MTB-Urlaub.\" \/>\n<meta name=\"robots\" content=\"index, follow, max-snippet:-1, max-image-preview:large, max-video-preview:-1\" \/>\n<link rel=\"canonical\" href=\"https:\/\/www.hotelannaisoladelba.it\/de\/experience\/mtb\/\" \/>\n<meta property=\"og:locale\" content=\"de_DE\" \/>\n<meta property=\"og:type\" content=\"article\" \/>\n<meta property=\"og:title\" content=\"MTB: Bike Land Elba Ovest | Insel Elba | Hotel Anna\" \/>\n<meta property=\"og:description\" content=\"Lust auf Mountainbiken? Erkunden Sie die fantastischen Trails im Westen Elbas. Das Hotel Anna ist die perfekte Basis f\u00fcr Ihren MTB-Urlaub.\" \/>\n<meta property=\"og:url\" content=\"https:\/\/www.hotelannaisoladelba.it\/de\/experience\/mtb\/\" \/>\n<meta property=\"og:site_name\" content=\"Hotel Anna Isola d&#039;Elba\" \/>\n<meta property=\"article:publisher\" content=\"https:\/\/www.facebook.com\/AnnaHotelIsolaElba\" \/>\n<meta property=\"article:modified_time\" content=\"2025-08-13T15:53:49+00:00\" \/>\n<meta property=\"og:image\" content=\"https:\/\/www.hotelannaisoladelba.it\/wp-content\/uploads\/2023\/11\/mtb-isola-elba.jpg\" \/>\n<meta name=\"twitter:card\" content=\"summary_large_image\" \/>\n<meta name=\"twitter:label1\" content=\"Gesch\u00e4tzte Lesezeit\" \/>\n\t<meta name=\"twitter:data1\" content=\"2\u00a0Minuten\" \/>\n<script type=\"application\/ld+json\" class=\"yoast-schema-graph\">{\"@context\":\"https:\/\/schema.org\",\"@graph\":[{\"@type\":\"WebPage\",\"@id\":\"https:\/\/www.hotelannaisoladelba.it\/de\/experience\/mtb\/\",\"url\":\"https:\/\/www.hotelannaisoladelba.it\/de\/experience\/mtb\/\",\"name\":\"MTB: Bike Land Elba Ovest | Insel Elba | Hotel Anna\",\"isPartOf\":{\"@id\":\"https:\/\/www.hotelannaisoladelba.it\/#website\"},\"primaryImageOfPage\":{\"@id\":\"https:\/\/www.hotelannaisoladelba.it\/de\/experience\/mtb\/#primaryimage\"},\"image\":{\"@id\":\"https:\/\/www.hotelannaisoladelba.it\/de\/experience\/mtb\/#primaryimage\"},\"thumbnailUrl\":\"https:\/\/www.hotelannaisoladelba.it\/wp-content\/uploads\/2023\/11\/mtb-isola-elba.jpg\",\"datePublished\":\"2023-11-30T10:27:44+00:00\",\"dateModified\":\"2025-08-13T15:53:49+00:00\",\"description\":\"Lust auf Mountainbiken? Erkunden Sie die fantastischen Trails im Westen Elbas. Das Hotel Anna ist die perfekte Basis f\u00fcr Ihren MTB-Urlaub.\",\"breadcrumb\":{\"@id\":\"https:\/\/www.hotelannaisoladelba.it\/de\/experience\/mtb\/#breadcrumb\"},\"inLanguage\":\"de\",\"potentialAction\":[{\"@type\":\"ReadAction\",\"target\":[\"https:\/\/www.hotelannaisoladelba.it\/de\/experience\/mtb\/\"]}]},{\"@type\":\"ImageObject\",\"inLanguage\":\"de\",\"@id\":\"https:\/\/www.hotelannaisoladelba.it\/de\/experience\/mtb\/#primaryimage\",\"url\":\"https:\/\/www.hotelannaisoladelba.it\/wp-content\/uploads\/2023\/11\/mtb-isola-elba.jpg\",\"contentUrl\":\"https:\/\/www.hotelannaisoladelba.it\/wp-content\/uploads\/2023\/11\/mtb-isola-elba.jpg\"},{\"@type\":\"BreadcrumbList\",\"@id\":\"https:\/\/www.hotelannaisoladelba.it\/de\/experience\/mtb\/#breadcrumb\",\"itemListElement\":[{\"@type\":\"ListItem\",\"position\":1,\"name\":\"Home\",\"item\":\"https:\/\/www.hotelannaisoladelba.it\/de\/\"},{\"@type\":\"ListItem\",\"position\":2,\"name\":\"Erlebnisse\",\"item\":\"https:\/\/www.hotelannaisoladelba.it\/de\/experience\/\"},{\"@type\":\"ListItem\",\"position\":3,\"name\":\"MTB: Bike Land Elba Ovest &#8211; Insel Elba\"}]},{\"@type\":\"WebSite\",\"@id\":\"https:\/\/www.hotelannaisoladelba.it\/#website\",\"url\":\"https:\/\/www.hotelannaisoladelba.it\/\",\"name\":\"Hotel Anna Isola d'Elba\",\"description\":\"Albergo a conduzione familiare vicino alla spiaggia di Fetovaia all&#039;Isola d&#039;Elba\",\"publisher\":{\"@id\":\"https:\/\/www.hotelannaisoladelba.it\/#organization\"},\"potentialAction\":[{\"@type\":\"SearchAction\",\"target\":{\"@type\":\"EntryPoint\",\"urlTemplate\":\"https:\/\/www.hotelannaisoladelba.it\/?s={search_term_string}\"},\"query-input\":{\"@type\":\"PropertyValueSpecification\",\"valueRequired\":true,\"valueName\":\"search_term_string\"}}],\"inLanguage\":\"de\"},{\"@type\":\"Organization\",\"@id\":\"https:\/\/www.hotelannaisoladelba.it\/#organization\",\"name\":\"Hotel Anna Isola d'Elba\",\"url\":\"https:\/\/www.hotelannaisoladelba.it\/\",\"logo\":{\"@type\":\"ImageObject\",\"inLanguage\":\"de\",\"@id\":\"https:\/\/www.hotelannaisoladelba.it\/#\/schema\/logo\/image\/\",\"url\":\"https:\/\/www.hotelannaisoladelba.it\/wp-content\/uploads\/2023\/11\/logo-orizzonale.png\",\"contentUrl\":\"https:\/\/www.hotelannaisoladelba.it\/wp-content\/uploads\/2023\/11\/logo-orizzonale.png\",\"width\":600,\"height\":213,\"caption\":\"Hotel Anna Isola d'Elba\"},\"image\":{\"@id\":\"https:\/\/www.hotelannaisoladelba.it\/#\/schema\/logo\/image\/\"},\"sameAs\":[\"https:\/\/www.facebook.com\/AnnaHotelIsolaElba\"]}]}<\/script>\n<!-- \/ Yoast SEO plugin. -->","yoast_head_json":{"title":"MTB: Bike Land Elba Ovest | Insel Elba | Hotel Anna","description":"Lust auf Mountainbiken? Erkunden Sie die fantastischen Trails im Westen Elbas. Das Hotel Anna ist die perfekte Basis f\u00fcr Ihren MTB-Urlaub.","robots":{"index":"index","follow":"follow","max-snippet":"max-snippet:-1","max-image-preview":"max-image-preview:large","max-video-preview":"max-video-preview:-1"},"canonical":"https:\/\/www.hotelannaisoladelba.it\/de\/experience\/mtb\/","og_locale":"de_DE","og_type":"article","og_title":"MTB: Bike Land Elba Ovest | Insel Elba | Hotel Anna","og_description":"Lust auf Mountainbiken? Erkunden Sie die fantastischen Trails im Westen Elbas. Das Hotel Anna ist die perfekte Basis f\u00fcr Ihren MTB-Urlaub.","og_url":"https:\/\/www.hotelannaisoladelba.it\/de\/experience\/mtb\/","og_site_name":"Hotel Anna Isola d&#039;Elba","article_publisher":"https:\/\/www.facebook.com\/AnnaHotelIsolaElba","article_modified_time":"2025-08-13T15:53:49+00:00","og_image":[{"url":"https:\/\/www.hotelannaisoladelba.it\/wp-content\/uploads\/2023\/11\/mtb-isola-elba.jpg","type":"","width":"","height":""}],"twitter_card":"summary_large_image","twitter_misc":{"Gesch\u00e4tzte Lesezeit":"2\u00a0Minuten"},"schema":{"@context":"https:\/\/schema.org","@graph":[{"@type":"WebPage","@id":"https:\/\/www.hotelannaisoladelba.it\/de\/experience\/mtb\/","url":"https:\/\/www.hotelannaisoladelba.it\/de\/experience\/mtb\/","name":"MTB: Bike Land Elba Ovest | Insel Elba | Hotel Anna","isPartOf":{"@id":"https:\/\/www.hotelannaisoladelba.it\/#website"},"primaryImageOfPage":{"@id":"https:\/\/www.hotelannaisoladelba.it\/de\/experience\/mtb\/#primaryimage"},"image":{"@id":"https:\/\/www.hotelannaisoladelba.it\/de\/experience\/mtb\/#primaryimage"},"thumbnailUrl":"https:\/\/www.hotelannaisoladelba.it\/wp-content\/uploads\/2023\/11\/mtb-isola-elba.jpg","datePublished":"2023-11-30T10:27:44+00:00","dateModified":"2025-08-13T15:53:49+00:00","description":"Lust auf Mountainbiken? Erkunden Sie die fantastischen Trails im Westen Elbas. Das Hotel Anna ist die perfekte Basis f\u00fcr Ihren MTB-Urlaub.","breadcrumb":{"@id":"https:\/\/www.hotelannaisoladelba.it\/de\/experience\/mtb\/#breadcrumb"},"inLanguage":"de","potentialAction":[{"@type":"ReadAction","target":["https:\/\/www.hotelannaisoladelba.it\/de\/experience\/mtb\/"]}]},{"@type":"ImageObject","inLanguage":"de","@id":"https:\/\/www.hotelannaisoladelba.it\/de\/experience\/mtb\/#primaryimage","url":"https:\/\/www.hotelannaisoladelba.it\/wp-content\/uploads\/2023\/11\/mtb-isola-elba.jpg","contentUrl":"https:\/\/www.hotelannaisoladelba.it\/wp-content\/uploads\/2023\/11\/mtb-isola-elba.jpg"},{"@type":"BreadcrumbList","@id":"https:\/\/www.hotelannaisoladelba.it\/de\/experience\/mtb\/#breadcrumb","itemListElement":[{"@type":"ListItem","position":1,"name":"Home","item":"https:\/\/www.hotelannaisoladelba.it\/de\/"},{"@type":"ListItem","position":2,"name":"Erlebnisse","item":"https:\/\/www.hotelannaisoladelba.it\/de\/experience\/"},{"@type":"ListItem","position":3,"name":"MTB: Bike Land Elba Ovest &#8211; Insel Elba"}]},{"@type":"WebSite","@id":"https:\/\/www.hotelannaisoladelba.it\/#website","url":"https:\/\/www.hotelannaisoladelba.it\/","name":"Hotel Anna Isola d'Elba","description":"Albergo a conduzione familiare vicino alla spiaggia di Fetovaia all&#039;Isola d&#039;Elba","publisher":{"@id":"https:\/\/www.hotelannaisoladelba.it\/#organization"},"potentialAction":[{"@type":"SearchAction","target":{"@type":"EntryPoint","urlTemplate":"https:\/\/www.hotelannaisoladelba.it\/?s={search_term_string}"},"query-input":{"@type":"PropertyValueSpecification","valueRequired":true,"valueName":"search_term_string"}}],"inLanguage":"de"},{"@type":"Organization","@id":"https:\/\/www.hotelannaisoladelba.it\/#organization","name":"Hotel Anna Isola d'Elba","url":"https:\/\/www.hotelannaisoladelba.it\/","logo":{"@type":"ImageObject","inLanguage":"de","@id":"https:\/\/www.hotelannaisoladelba.it\/#\/schema\/logo\/image\/","url":"https:\/\/www.hotelannaisoladelba.it\/wp-content\/uploads\/2023\/11\/logo-orizzonale.png","contentUrl":"https:\/\/www.hotelannaisoladelba.it\/wp-content\/uploads\/2023\/11\/logo-orizzonale.png","width":600,"height":213,"caption":"Hotel Anna Isola d'Elba"},"image":{"@id":"https:\/\/www.hotelannaisoladelba.it\/#\/schema\/logo\/image\/"},"sameAs":["https:\/\/www.facebook.com\/AnnaHotelIsolaElba"]}]}},"_links":{"self":[{"href":"https:\/\/www.hotelannaisoladelba.it\/de\/wp-json\/wp\/v2\/pages\/6440","targetHints":{"allow":["GET"]}}],"collection":[{"href":"https:\/\/www.hotelannaisoladelba.it\/de\/wp-json\/wp\/v2\/pages"}],"about":[{"href":"https:\/\/www.hotelannaisoladelba.it\/de\/wp-json\/wp\/v2\/types\/page"}],"author":[{"embeddable":true,"href":"https:\/\/www.hotelannaisoladelba.it\/de\/wp-json\/wp\/v2\/users\/1"}],"replies":[{"embeddable":true,"href":"https:\/\/www.hotelannaisoladelba.it\/de\/wp-json\/wp\/v2\/comments?post=6440"}],"version-history":[{"count":5,"href":"https:\/\/www.hotelannaisoladelba.it\/de\/wp-json\/wp\/v2\/pages\/6440\/revisions"}],"predecessor-version":[{"id":9624,"href":"https:\/\/www.hotelannaisoladelba.it\/de\/wp-json\/wp\/v2\/pages\/6440\/revisions\/9624"}],"up":[{"embeddable":true,"href":"https:\/\/www.hotelannaisoladelba.it\/de\/wp-json\/wp\/v2\/pages\/6432"}],"wp:attachment":[{"href":"https:\/\/www.hotelannaisoladelba.it\/de\/wp-json\/wp\/v2\/media?parent=6440"}],"curies":[{"name":"wp","href":"https:\/\/api.w.org\/{rel}","templated":true}]}}