{"id":5221,"date":"2023-10-26T08:43:26","date_gmt":"2023-10-26T06:43:26","guid":{"rendered":"http:\/\/hotelanna.youelba.com\/politica-di-prenotazione\/"},"modified":"2025-08-12T13:32:31","modified_gmt":"2025-08-12T11:32:31","slug":"buchungsbedingungen","status":"publish","type":"page","link":"https:\/\/www.hotelannaisoladelba.it\/de\/buchungsbedingungen\/","title":{"rendered":"Buchungsbedingungen"},"content":{"rendered":"\t\t<div data-elementor-type=\"wp-page\" data-elementor-id=\"5221\" class=\"elementor elementor-5221 elementor-3564\" data-elementor-post-type=\"page\">\n\t\t\t\t        <section class=\"elementor-section elementor-top-section elementor-element elementor-element-6c6372b elementor-section-stretched elementor-section-boxed elementor-section-height-default elementor-section-height-default pxl-section-overflow-hidden-no\" data-id=\"6c6372b\" data-element_type=\"section\" data-settings=\"{&quot;stretch_section&quot;:&quot;section-stretched&quot;,&quot;background_background&quot;:&quot;classic&quot;}\">\n\n                \n                <div class=\"elementor-container elementor-column-gap-extended \">\n                <div class=\"elementor-column elementor-col-100 elementor-top-column elementor-element elementor-element-3d403bf col-offset-none pxl-column-element-default pxl-column-overflow-hidden-no\" data-id=\"3d403bf\" data-element_type=\"column\">\r\n        <div class=\"elementor-widget-wrap elementor-element-populated\">\r\n                     \r\n        \t\t<div class=\"elementor-element elementor-element-80d71da pxl-wg-bd-anm-no elementor-widget elementor-widget-pxl_heading\" data-id=\"80d71da\" data-element_type=\"widget\" data-widget_type=\"pxl_heading.default\">\n\t\t\t\t<div class=\"elementor-widget-container\">\n\t\t\t\t\t<div class=\"pxl-heading\">\n\t<div class=\"pxl-heading--inner\">\n\t\t\t\t\t<div class=\"pxl-item--subtitle wow zoomIn\" data-wow-delay=\"900ms\"><span>Buchungs-<\/span><\/div>\n\t\t\t\t<h1 class=\"pxl-item--title divider-none wow zoomIn \" data-wow-delay=\"900ms\">\n\t\tBedingungen\t\t\n\n\t\t<\/h1>\n\t\t\t<\/div>\n<\/div>\t\t\t\t<\/div>\n\t\t\t\t<\/div>\n\t\t            <\/div>\r\n        <\/div>\r\n        \t\t\t<\/div>\n\t\t<\/section>\n\t\t        <section class=\"elementor-section elementor-top-section elementor-element elementor-element-5f747ba elementor-section-stretched elementor-section-boxed elementor-section-height-default elementor-section-height-default pxl-section-overflow-hidden-no elementor-invisible pxl-elementor-animate\" data-id=\"5f747ba\" data-element_type=\"section\" data-settings=\"{&quot;stretch_section&quot;:&quot;section-stretched&quot;,&quot;animation&quot;:&quot;fadeInUp&quot;,&quot;animation_delay&quot;:1500}\">\n\n                \n                <div class=\"elementor-container elementor-column-gap-extended \">\n                <div class=\"elementor-column elementor-col-100 elementor-top-column elementor-element elementor-element-9fb6cdb col-offset-none pxl-column-element-default pxl-column-overflow-hidden-no\" data-id=\"9fb6cdb\" data-element_type=\"column\">\r\n        <div class=\"elementor-widget-wrap elementor-element-populated\">\r\n                     \r\n        \t\t<div class=\"elementor-element elementor-element-230f132 pxl-wg-bd-anm-no elementor-widget elementor-widget-pxl_text_editor\" data-id=\"230f132\" data-element_type=\"widget\" data-widget_type=\"pxl_text_editor.default\">\n\t\t\t\t<div class=\"elementor-widget-container\">\n\t\t\t\t\t<div class=\"pxl-text-editor \">\n\t<div class=\"pxl-item--inner \" data-wow-delay=\"ms\">\n\t\t<div class=\"flex-1 overflow-hidden\"><div class=\"react-scroll-to-bottom--css-qktws-79elbk h-full\"><div class=\"react-scroll-to-bottom--css-qktws-1n7m0yu\"><div class=\"flex flex-col text-sm pb-9\"><div class=\"w-full text-token-text-primary\" data-testid=\"conversation-turn-5\"><div class=\"px-4 py-2 justify-center text-base md:gap-6 m-auto\"><div class=\"flex flex-1 text-base mx-auto gap-3 md:px-5 lg:px-1 xl:px-5 md:max-w-3xl lg:max-w-[40rem] xl:max-w-[48rem] group final-completion\"><div class=\"relative flex w-full flex-col agent-turn\"><div class=\"flex-col gap-1 md:gap-3\"><div class=\"flex flex-grow flex-col max-w-full\"><div class=\"min-h-[20px] text-message flex flex-col items-start gap-3 whitespace-pre-wrap break-words [.text-message+&amp;]:mt-5 overflow-x-auto\" data-message-author-role=\"assistant\" data-message-id=\"cacf8257-8205-42bc-9671-f30ad32ce463\"><div class=\"markdown prose w-full break-words dark:prose-invert light\"><p>Die Standard-Buchungspolitik des Hotel Anna ist darauf ausgelegt, unseren G\u00e4sten gr\u00f6\u00dftm\u00f6gliche Flexibilit\u00e4t und Bequemlichkeit zu bieten, um einen sorgenfreien und ruhigen Aufenthalt zu gew\u00e4hrleisten. F\u00fcr alle Buchungen erm\u00f6glichen wir eine kostenlose Stornierung bis zu 30 Tage vor dem erwarteten Ankunftsdatum, sodass Sie Ihre Reisepl\u00e4ne bis zu einem Monat vor Ihrem Aufenthalt ohne Strafgeb\u00fchren anpassen k\u00f6nnen.<\/p><p>Zur Best\u00e4tigung Ihrer Buchung k\u00f6nnen Sie eine Kreditkarte verwenden, die nur zur Garantie Ihres Zimmers ben\u00f6tigt wird, ohne dass eine Anzahlung erforderlich ist. Alternativ bieten wir f\u00fcr diejenigen, die es vorziehen, die M\u00f6glichkeit, die Buchung mittels Bank\u00fcberweisung zu best\u00e4tigen. In diesem Fall ist eine Anzahlung in H\u00f6he von 30% des gesamten Buchungswerts erforderlich. Diese Option erm\u00f6glicht es Ihnen, die Zahlungsmethode zu w\u00e4hlen, die am besten zu Ihren Bed\u00fcrfnissen passt.<\/p><p>Der Restbetrag der Buchung kann bei Ankunft im Hotel oder w\u00e4hrend Ihres Aufenthalts beglichen werden, wobei Sie die Zahlungsmethode w\u00e4hlen k\u00f6nnen, die Sie bevorzugen. Bitte beachten Sie, dass Schecks nicht akzeptiert werden. Wenn Sie sich f\u00fcr eine Bank\u00fcberweisung f\u00fcr den Restbetrag entscheiden, muss diese bei der Ankunft erfolgen.<\/p><p>\u00a0<\/p><\/div><\/div><\/div><\/div><\/div><\/div><\/div><\/div><\/div><\/div><\/div><\/div><p>Bei einer Buchung mit \u201enicht erstattungsf\u00e4higer Vorauszahlung\u201c wird eine Vorauszahlung des gesamten Aufenthaltsbetrags verlangt, die im Falle einer Stornierung und\/oder \u00c4nderung NICHT ERSTATTET wird.<\/p>\t<\/div>\n<\/div>\t\t\t\t<\/div>\n\t\t\t\t<\/div>\n\t\t            <\/div>\r\n        <\/div>\r\n        \t\t\t<\/div>\n\t\t<\/section>\n\t\t\t\t<\/div>\n\t\t","protected":false},"excerpt":{"rendered":"<p>Buchungs- Bedingungen Die Standard-Buchungspolitik des Hotel Anna ist darauf ausgelegt, unseren G\u00e4sten gr\u00f6\u00dftm\u00f6gliche Flexibilit\u00e4t und Bequemlichkeit zu bieten, um einen sorgenfreien und ruhigen Aufenthalt zu gew\u00e4hrleisten. F\u00fcr alle Buchungen erm\u00f6glichen wir eine kostenlose Stornierung bis zu 30 Tage vor dem erwarteten Ankunftsdatum, sodass Sie Ihre Reisepl\u00e4ne bis zu einem Monat vor Ihrem Aufenthalt ohne Strafgeb\u00fchren [&hellip;]<\/p>\n","protected":false},"author":1,"featured_media":0,"parent":0,"menu_order":0,"comment_status":"closed","ping_status":"closed","template":"","meta":{"footnotes":""},"class_list":["post-5221","page","type-page","status-publish","hentry"],"yoast_head":"<!-- This site is optimized with the Yoast SEO plugin v26.6 - https:\/\/yoast.com\/wordpress\/plugins\/seo\/ -->\n<title>Buchungsbedingungen - Hotel Anna Isola d&#039;Elba<\/title>\n<meta name=\"description\" content=\"Buchen Sie unbesorgt. Lesen Sie unsere Buchungsbedingungen f\u00fcr Details zu Zahlungen, Check-in\/out und Stornierungsbedingungen.\" \/>\n<meta name=\"robots\" content=\"index, follow, max-snippet:-1, max-image-preview:large, max-video-preview:-1\" \/>\n<link rel=\"canonical\" href=\"https:\/\/www.hotelannaisoladelba.it\/de\/buchungsbedingungen\/\" \/>\n<meta property=\"og:locale\" content=\"de_DE\" \/>\n<meta property=\"og:type\" content=\"article\" \/>\n<meta property=\"og:title\" content=\"Buchungsbedingungen - Hotel Anna Isola d&#039;Elba\" \/>\n<meta property=\"og:description\" content=\"Buchen Sie unbesorgt. Lesen Sie unsere Buchungsbedingungen f\u00fcr Details zu Zahlungen, Check-in\/out und Stornierungsbedingungen.\" \/>\n<meta property=\"og:url\" content=\"https:\/\/www.hotelannaisoladelba.it\/de\/buchungsbedingungen\/\" \/>\n<meta property=\"og:site_name\" content=\"Hotel Anna Isola d&#039;Elba\" \/>\n<meta property=\"article:publisher\" content=\"https:\/\/www.facebook.com\/AnnaHotelIsolaElba\" \/>\n<meta property=\"article:modified_time\" content=\"2025-08-12T11:32:31+00:00\" \/>\n<meta property=\"og:image\" content=\"https:\/\/www.hotelannaisoladelba.it\/wp-content\/uploads\/2023\/11\/logo-orizzonale.png\" \/>\n\t<meta property=\"og:image:width\" content=\"600\" \/>\n\t<meta property=\"og:image:height\" content=\"213\" \/>\n\t<meta property=\"og:image:type\" content=\"image\/png\" \/>\n<meta name=\"twitter:card\" content=\"summary_large_image\" \/>\n<meta name=\"twitter:label1\" content=\"Gesch\u00e4tzte Lesezeit\" \/>\n\t<meta name=\"twitter:data1\" content=\"2\u00a0Minuten\" \/>\n<script type=\"application\/ld+json\" class=\"yoast-schema-graph\">{\"@context\":\"https:\/\/schema.org\",\"@graph\":[{\"@type\":\"WebPage\",\"@id\":\"https:\/\/www.hotelannaisoladelba.it\/de\/buchungsbedingungen\/\",\"url\":\"https:\/\/www.hotelannaisoladelba.it\/de\/buchungsbedingungen\/\",\"name\":\"Buchungsbedingungen - Hotel Anna Isola d&#039;Elba\",\"isPartOf\":{\"@id\":\"https:\/\/www.hotelannaisoladelba.it\/#website\"},\"datePublished\":\"2023-10-26T06:43:26+00:00\",\"dateModified\":\"2025-08-12T11:32:31+00:00\",\"description\":\"Buchen Sie unbesorgt. Lesen Sie unsere Buchungsbedingungen f\u00fcr Details zu Zahlungen, Check-in\/out und Stornierungsbedingungen.\",\"breadcrumb\":{\"@id\":\"https:\/\/www.hotelannaisoladelba.it\/de\/buchungsbedingungen\/#breadcrumb\"},\"inLanguage\":\"de\",\"potentialAction\":[{\"@type\":\"ReadAction\",\"target\":[\"https:\/\/www.hotelannaisoladelba.it\/de\/buchungsbedingungen\/\"]}]},{\"@type\":\"BreadcrumbList\",\"@id\":\"https:\/\/www.hotelannaisoladelba.it\/de\/buchungsbedingungen\/#breadcrumb\",\"itemListElement\":[{\"@type\":\"ListItem\",\"position\":1,\"name\":\"Home\",\"item\":\"https:\/\/www.hotelannaisoladelba.it\/de\/\"},{\"@type\":\"ListItem\",\"position\":2,\"name\":\"Buchungsbedingungen\"}]},{\"@type\":\"WebSite\",\"@id\":\"https:\/\/www.hotelannaisoladelba.it\/#website\",\"url\":\"https:\/\/www.hotelannaisoladelba.it\/\",\"name\":\"Hotel Anna Isola d'Elba\",\"description\":\"Albergo a conduzione familiare vicino alla spiaggia di Fetovaia all&#039;Isola d&#039;Elba\",\"publisher\":{\"@id\":\"https:\/\/www.hotelannaisoladelba.it\/#organization\"},\"potentialAction\":[{\"@type\":\"SearchAction\",\"target\":{\"@type\":\"EntryPoint\",\"urlTemplate\":\"https:\/\/www.hotelannaisoladelba.it\/?s={search_term_string}\"},\"query-input\":{\"@type\":\"PropertyValueSpecification\",\"valueRequired\":true,\"valueName\":\"search_term_string\"}}],\"inLanguage\":\"de\"},{\"@type\":\"Organization\",\"@id\":\"https:\/\/www.hotelannaisoladelba.it\/#organization\",\"name\":\"Hotel Anna Isola d'Elba\",\"url\":\"https:\/\/www.hotelannaisoladelba.it\/\",\"logo\":{\"@type\":\"ImageObject\",\"inLanguage\":\"de\",\"@id\":\"https:\/\/www.hotelannaisoladelba.it\/#\/schema\/logo\/image\/\",\"url\":\"https:\/\/www.hotelannaisoladelba.it\/wp-content\/uploads\/2023\/11\/logo-orizzonale.png\",\"contentUrl\":\"https:\/\/www.hotelannaisoladelba.it\/wp-content\/uploads\/2023\/11\/logo-orizzonale.png\",\"width\":600,\"height\":213,\"caption\":\"Hotel Anna Isola d'Elba\"},\"image\":{\"@id\":\"https:\/\/www.hotelannaisoladelba.it\/#\/schema\/logo\/image\/\"},\"sameAs\":[\"https:\/\/www.facebook.com\/AnnaHotelIsolaElba\"]}]}<\/script>\n<!-- \/ Yoast SEO plugin. -->","yoast_head_json":{"title":"Buchungsbedingungen - Hotel Anna Isola d&#039;Elba","description":"Buchen Sie unbesorgt. Lesen Sie unsere Buchungsbedingungen f\u00fcr Details zu Zahlungen, Check-in\/out und Stornierungsbedingungen.","robots":{"index":"index","follow":"follow","max-snippet":"max-snippet:-1","max-image-preview":"max-image-preview:large","max-video-preview":"max-video-preview:-1"},"canonical":"https:\/\/www.hotelannaisoladelba.it\/de\/buchungsbedingungen\/","og_locale":"de_DE","og_type":"article","og_title":"Buchungsbedingungen - Hotel Anna Isola d&#039;Elba","og_description":"Buchen Sie unbesorgt. Lesen Sie unsere Buchungsbedingungen f\u00fcr Details zu Zahlungen, Check-in\/out und Stornierungsbedingungen.","og_url":"https:\/\/www.hotelannaisoladelba.it\/de\/buchungsbedingungen\/","og_site_name":"Hotel Anna Isola d&#039;Elba","article_publisher":"https:\/\/www.facebook.com\/AnnaHotelIsolaElba","article_modified_time":"2025-08-12T11:32:31+00:00","og_image":[{"width":600,"height":213,"url":"https:\/\/www.hotelannaisoladelba.it\/wp-content\/uploads\/2023\/11\/logo-orizzonale.png","type":"image\/png"}],"twitter_card":"summary_large_image","twitter_misc":{"Gesch\u00e4tzte Lesezeit":"2\u00a0Minuten"},"schema":{"@context":"https:\/\/schema.org","@graph":[{"@type":"WebPage","@id":"https:\/\/www.hotelannaisoladelba.it\/de\/buchungsbedingungen\/","url":"https:\/\/www.hotelannaisoladelba.it\/de\/buchungsbedingungen\/","name":"Buchungsbedingungen - Hotel Anna Isola d&#039;Elba","isPartOf":{"@id":"https:\/\/www.hotelannaisoladelba.it\/#website"},"datePublished":"2023-10-26T06:43:26+00:00","dateModified":"2025-08-12T11:32:31+00:00","description":"Buchen Sie unbesorgt. Lesen Sie unsere Buchungsbedingungen f\u00fcr Details zu Zahlungen, Check-in\/out und Stornierungsbedingungen.","breadcrumb":{"@id":"https:\/\/www.hotelannaisoladelba.it\/de\/buchungsbedingungen\/#breadcrumb"},"inLanguage":"de","potentialAction":[{"@type":"ReadAction","target":["https:\/\/www.hotelannaisoladelba.it\/de\/buchungsbedingungen\/"]}]},{"@type":"BreadcrumbList","@id":"https:\/\/www.hotelannaisoladelba.it\/de\/buchungsbedingungen\/#breadcrumb","itemListElement":[{"@type":"ListItem","position":1,"name":"Home","item":"https:\/\/www.hotelannaisoladelba.it\/de\/"},{"@type":"ListItem","position":2,"name":"Buchungsbedingungen"}]},{"@type":"WebSite","@id":"https:\/\/www.hotelannaisoladelba.it\/#website","url":"https:\/\/www.hotelannaisoladelba.it\/","name":"Hotel Anna Isola d'Elba","description":"Albergo a conduzione familiare vicino alla spiaggia di Fetovaia all&#039;Isola d&#039;Elba","publisher":{"@id":"https:\/\/www.hotelannaisoladelba.it\/#organization"},"potentialAction":[{"@type":"SearchAction","target":{"@type":"EntryPoint","urlTemplate":"https:\/\/www.hotelannaisoladelba.it\/?s={search_term_string}"},"query-input":{"@type":"PropertyValueSpecification","valueRequired":true,"valueName":"search_term_string"}}],"inLanguage":"de"},{"@type":"Organization","@id":"https:\/\/www.hotelannaisoladelba.it\/#organization","name":"Hotel Anna Isola d'Elba","url":"https:\/\/www.hotelannaisoladelba.it\/","logo":{"@type":"ImageObject","inLanguage":"de","@id":"https:\/\/www.hotelannaisoladelba.it\/#\/schema\/logo\/image\/","url":"https:\/\/www.hotelannaisoladelba.it\/wp-content\/uploads\/2023\/11\/logo-orizzonale.png","contentUrl":"https:\/\/www.hotelannaisoladelba.it\/wp-content\/uploads\/2023\/11\/logo-orizzonale.png","width":600,"height":213,"caption":"Hotel Anna Isola d'Elba"},"image":{"@id":"https:\/\/www.hotelannaisoladelba.it\/#\/schema\/logo\/image\/"},"sameAs":["https:\/\/www.facebook.com\/AnnaHotelIsolaElba"]}]}},"_links":{"self":[{"href":"https:\/\/www.hotelannaisoladelba.it\/de\/wp-json\/wp\/v2\/pages\/5221","targetHints":{"allow":["GET"]}}],"collection":[{"href":"https:\/\/www.hotelannaisoladelba.it\/de\/wp-json\/wp\/v2\/pages"}],"about":[{"href":"https:\/\/www.hotelannaisoladelba.it\/de\/wp-json\/wp\/v2\/types\/page"}],"author":[{"embeddable":true,"href":"https:\/\/www.hotelannaisoladelba.it\/de\/wp-json\/wp\/v2\/users\/1"}],"replies":[{"embeddable":true,"href":"https:\/\/www.hotelannaisoladelba.it\/de\/wp-json\/wp\/v2\/comments?post=5221"}],"version-history":[{"count":5,"href":"https:\/\/www.hotelannaisoladelba.it\/de\/wp-json\/wp\/v2\/pages\/5221\/revisions"}],"predecessor-version":[{"id":9622,"href":"https:\/\/www.hotelannaisoladelba.it\/de\/wp-json\/wp\/v2\/pages\/5221\/revisions\/9622"}],"wp:attachment":[{"href":"https:\/\/www.hotelannaisoladelba.it\/de\/wp-json\/wp\/v2\/media?parent=5221"}],"curies":[{"name":"wp","href":"https:\/\/api.w.org\/{rel}","templated":true}]}}