{"id":5217,"date":"2023-10-12T11:35:31","date_gmt":"2023-10-12T09:35:31","guid":{"rendered":"http:\/\/hotelanna.youelba.com\/lunch-e-lounge-bar\/"},"modified":"2025-10-01T21:01:34","modified_gmt":"2025-10-01T19:01:34","slug":"lunch-lounge-bar","status":"publish","type":"page","link":"https:\/\/www.hotelannaisoladelba.it\/de\/lunch-lounge-bar\/","title":{"rendered":"Lunch &#038; Lounge Bar"},"content":{"rendered":"\t\t<div data-elementor-type=\"wp-page\" data-elementor-id=\"5217\" class=\"elementor elementor-5217 elementor-3151\" data-elementor-post-type=\"page\">\n\t\t\t\t        <section class=\"elementor-section elementor-top-section elementor-element elementor-element-51736268 elementor-section-full_width elementor-section-height-full elementor-section-content-middle elementor-section-stretched elementor-section-height-default elementor-section-items-middle pxl-section-offset-none pxl-section-overflow-hidden-no\" data-id=\"51736268\" data-element_type=\"section\" data-settings=\"{&quot;background_background&quot;:&quot;video&quot;,&quot;background_video_link&quot;:&quot;https:\\\/\\\/www.hotelannaisoladelba.it\\\/wp-content\\\/uploads\\\/2024\\\/06\\\/TEASER_BAR_HD.mp4&quot;,&quot;background_play_on_mobile&quot;:&quot;yes&quot;,&quot;stretch_section&quot;:&quot;section-stretched&quot;}\">\n\n                                <div class=\"elementor-background-video-container\">\n                                            <video class=\"elementor-background-video-hosted elementor-html5-video\" autoplay muted playsinline loop><\/video>\n                                    <\/div>\n                \n                <div class=\"elementor-container elementor-column-gap-no \">\n                <div class=\"elementor-column elementor-col-100 elementor-top-column elementor-element elementor-element-71e32be8 col-offset-none pxl-column-element-default pxl-column-overflow-hidden-no\" data-id=\"71e32be8\" data-element_type=\"column\">\r\n        <div class=\"elementor-widget-wrap elementor-element-populated\">\r\n                     \r\n        \t\t<div class=\"elementor-element elementor-element-1f8a137 pxl-wg-bd-anm-no elementor-widget elementor-widget-pxl_heading\" data-id=\"1f8a137\" data-element_type=\"widget\" data-widget_type=\"pxl_heading.default\">\n\t\t\t\t<div class=\"elementor-widget-container\">\n\t\t\t\t\t<div class=\"pxl-heading\">\n\t<div class=\"pxl-heading--inner\">\n\t\t\t\t\t<div class=\"pxl-item--subtitle wow zoomIn\" data-wow-delay=\"900ms\"><span>Unser<\/span><\/div>\n\t\t\t\t<h1 class=\"pxl-item--title divider-none wow zoomIn \" data-wow-delay=\"900ms\">\n\t\tLunch &#038; Lounge Bar\t\t\n\n\t\t<\/h1>\n\t\t\t<\/div>\n<\/div>\t\t\t\t<\/div>\n\t\t\t\t<\/div>\n\t\t            <\/div>\r\n        <\/div>\r\n        \t\t\t<\/div>\n\t\t<\/section>\n\t\t        <section class=\"elementor-section elementor-top-section elementor-element elementor-element-6c6372b elementor-section-stretched elementor-section-boxed elementor-section-height-default elementor-section-height-default pxl-section-overflow-hidden-no\" data-id=\"6c6372b\" data-element_type=\"section\" data-settings=\"{&quot;stretch_section&quot;:&quot;section-stretched&quot;,&quot;background_background&quot;:&quot;classic&quot;}\">\n\n                \n                <div class=\"elementor-container elementor-column-gap-extended \">\n                <div class=\"elementor-column elementor-col-100 elementor-top-column elementor-element elementor-element-3d403bf col-offset-none pxl-column-element-default pxl-column-overflow-hidden-no\" data-id=\"3d403bf\" data-element_type=\"column\">\r\n        <div class=\"elementor-widget-wrap elementor-element-populated\">\r\n                     \r\n        \t\t<div class=\"elementor-element elementor-element-80d71da elementor-hidden-desktop elementor-hidden-tablet_extra elementor-hidden-tablet elementor-hidden-mobile_extra elementor-hidden-mobile pxl-wg-bd-anm-no elementor-widget elementor-widget-pxl_heading\" data-id=\"80d71da\" data-element_type=\"widget\" data-widget_type=\"pxl_heading.default\">\n\t\t\t\t<div class=\"elementor-widget-container\">\n\t\t\t\t\t<div class=\"pxl-heading\">\n\t<div class=\"pxl-heading--inner\">\n\t\t\t\t\t<div class=\"pxl-item--subtitle wow zoomIn\" data-wow-delay=\"900ms\"><span>Unser<\/span><\/div>\n\t\t\t\t<h1 class=\"pxl-item--title divider-none wow zoomIn \" data-wow-delay=\"900ms\">\n\t\tLunch &#038; Lounge Bar\t\t\n\n\t\t<\/h1>\n\t\t\t<\/div>\n<\/div>\t\t\t\t<\/div>\n\t\t\t\t<\/div>\n\t\t            <\/div>\r\n        <\/div>\r\n        \t\t\t<\/div>\n\t\t<\/section>\n\t\t        <section class=\"elementor-section elementor-top-section elementor-element elementor-element-5f747ba elementor-section-stretched elementor-section-boxed elementor-section-height-default elementor-section-height-default pxl-section-overflow-hidden-no elementor-invisible pxl-elementor-animate\" data-id=\"5f747ba\" data-element_type=\"section\" data-settings=\"{&quot;stretch_section&quot;:&quot;section-stretched&quot;,&quot;animation&quot;:&quot;fadeInUp&quot;,&quot;animation_delay&quot;:1500}\">\n\n                \n                <div class=\"elementor-container elementor-column-gap-extended \">\n                <div class=\"elementor-column elementor-col-50 elementor-top-column elementor-element elementor-element-3bedd1c col-offset-none pxl-column-element-default pxl-column-overflow-hidden-no\" data-id=\"3bedd1c\" data-element_type=\"column\">\r\n        <div class=\"elementor-widget-wrap elementor-element-populated\">\r\n                     \r\n        \t\t<div class=\"elementor-element elementor-element-8c842bd elementor-widget__width-auto elementor-widget-tablet__width-initial elementor-widget-mobile__width-initial pxl-wg-bd-anm-no elementor-widget elementor-widget-pxl_image_parallax\" data-id=\"8c842bd\" data-element_type=\"widget\" data-widget_type=\"pxl_image_parallax.default\">\n\t\t\t\t<div class=\"elementor-widget-container\">\n\t\t\t\t\t<div id=\"pxl_image_parallax-8c842bd-1637\" class=\"pxl-image-wg\" data-parallax=\"{&quot;y&quot;:&quot;50&quot;}\" data-wow-delay=\"ms\">\n\t\t<img fetchpriority=\"high\" decoding=\"async\" width=\"938\" height=\"678\" src=\"https:\/\/www.hotelannaisoladelba.it\/wp-content\/uploads\/2023\/10\/apoteca-1-e1698333828506.png\" class=\"attachment-full size-full wp-image-3712\" alt=\"Logo stilizzato del lounge bar Apoteca Sottovoce, che raffigura una bottiglia di vino coricata da cui nasce un calice pieno di vino rosso, disegnati con una linea continua nera.\" srcset=\"https:\/\/www.hotelannaisoladelba.it\/wp-content\/uploads\/2023\/10\/apoteca-1-e1698333828506.png 938w, https:\/\/www.hotelannaisoladelba.it\/wp-content\/uploads\/2023\/10\/apoteca-1-e1698333828506-300x217.png 300w, https:\/\/www.hotelannaisoladelba.it\/wp-content\/uploads\/2023\/10\/apoteca-1-e1698333828506-768x555.png 768w\" sizes=\"(max-width: 938px) 100vw, 938px\" \/>\t<\/div>\n\t\t\t\t<\/div>\n\t\t\t\t<\/div>\n\t\t            <\/div>\r\n        <\/div>\r\n                <div class=\"elementor-column elementor-col-50 elementor-top-column elementor-element elementor-element-9fb6cdb col-offset-none pxl-column-element-default pxl-column-overflow-hidden-no\" data-id=\"9fb6cdb\" data-element_type=\"column\">\r\n        <div class=\"elementor-widget-wrap elementor-element-populated\">\r\n                     \r\n        \t\t<div class=\"elementor-element elementor-element-230f132 pxl-wg-bd-anm-no elementor-widget elementor-widget-pxl_text_editor\" data-id=\"230f132\" data-element_type=\"widget\" data-widget_type=\"pxl_text_editor.default\">\n\t\t\t\t<div class=\"elementor-widget-container\">\n\t\t\t\t\t<div class=\"pxl-text-editor \">\n\t<div class=\"pxl-item--inner \" data-wow-delay=\"ms\">\n\t\t<p>Die Lunch &amp; Lounge Bar des Hotels Anna ist der Ort, an dem sich Geschmack und Unterhaltung im Einklang mit der umgebenden Natur treffen. Ein Au\u00dfenbereich, der sowohl den Hotelg\u00e4sten als auch den externen G\u00e4sten zur Verf\u00fcgung steht.<\/p><p>Mittags bietet die K\u00fcche eine Mischung aus einfacheren Gerichten und einer kleinen Auswahl an traditionellen Rezepten aus Elba: Meeresfr\u00fcchte-Salate, erste G\u00e4nge, gef\u00fcllte Br\u00f6tchen, Sandwiches und andere leichte und schmackhafte Gerichte. Die Bar ist auch ge\u00f6ffnet, um Sie mit einem \u201eversp\u00e4teten\u201c Fr\u00fchst\u00fcck und mit schnellen Snacks zu verw\u00f6hnen.<\/p><p>Auch nach einem Tag am Meer k\u00f6nnen Sie sich hier einen Moment der puren Entspannung g\u00f6nnen. Unser talentierter Barkeeper verw\u00f6hnt Sie gerne mit leckeren Aperitifs, w\u00e4hrend Sie in die Farben unserer \u00fcppigen Vegetation eintauchen.<\/p><p>Nach dem Abendessen k\u00f6nnen Sie mit Ihren Freunden oder Ihrer Familie einen unserer Cocktails genie\u00dfen, w\u00e4hrend Sie sich vom Rhythmus der Musik mitrei\u00dfen lassen. Die gem\u00fctliche und lebendige Atmosph\u00e4re schafft den perfekten Ort, um angenehme und unterhaltsame Momente miteinander zu teilen.<\/p>\t<\/div>\n<\/div>\t\t\t\t<\/div>\n\t\t\t\t<\/div>\n\t\t            <\/div>\r\n        <\/div>\r\n        \t\t\t<\/div>\n\t\t<\/section>\n\t\t\t\t<\/div>\n\t\t","protected":false},"excerpt":{"rendered":"<p>Unser Lunch &amp; Lounge Bar Unser Lunch &amp; Lounge Bar Die Lunch &amp; Lounge Bar des Hotels Anna ist der Ort, an dem sich Geschmack und Unterhaltung im Einklang mit der umgebenden Natur treffen. Ein Au\u00dfenbereich, der sowohl den Hotelg\u00e4sten als auch den externen G\u00e4sten zur Verf\u00fcgung steht. Mittags bietet die K\u00fcche eine Mischung aus [&hellip;]<\/p>\n","protected":false},"author":1,"featured_media":0,"parent":0,"menu_order":0,"comment_status":"closed","ping_status":"closed","template":"","meta":{"footnotes":""},"class_list":["post-5217","page","type-page","status-publish","hentry"],"yoast_head":"<!-- This site is optimized with the Yoast SEO plugin v26.6 - https:\/\/yoast.com\/wordpress\/plugins\/seo\/ -->\n<title>Lunch &amp; Lounge Bar | Insel Elba | Hotel Anna<\/title>\n<meta name=\"description\" content=\"Unsere Lounge Bar im Hotel Anna erwartet Sie. Die perfekte Wahl f\u00fcr eine leckere Pause oder einen Drink in gem\u00fctlicher Atmosph\u00e4re.\" \/>\n<meta name=\"robots\" content=\"index, follow, max-snippet:-1, max-image-preview:large, max-video-preview:-1\" \/>\n<link rel=\"canonical\" href=\"https:\/\/www.hotelannaisoladelba.it\/de\/lunch-lounge-bar\/\" \/>\n<meta property=\"og:locale\" content=\"de_DE\" \/>\n<meta property=\"og:type\" content=\"article\" \/>\n<meta property=\"og:title\" content=\"Lunch &amp; Lounge Bar | Insel Elba | Hotel Anna\" \/>\n<meta property=\"og:description\" content=\"Unsere Lounge Bar im Hotel Anna erwartet Sie. Die perfekte Wahl f\u00fcr eine leckere Pause oder einen Drink in gem\u00fctlicher Atmosph\u00e4re.\" \/>\n<meta property=\"og:url\" content=\"https:\/\/www.hotelannaisoladelba.it\/de\/lunch-lounge-bar\/\" \/>\n<meta property=\"og:site_name\" content=\"Hotel Anna Isola d&#039;Elba\" \/>\n<meta property=\"article:publisher\" content=\"https:\/\/www.facebook.com\/AnnaHotelIsolaElba\" \/>\n<meta property=\"article:modified_time\" content=\"2025-10-01T19:01:34+00:00\" \/>\n<meta property=\"og:image\" content=\"https:\/\/www.hotelannaisoladelba.it\/wp-content\/uploads\/2023\/10\/apoteca-1-e1698333828506.png\" \/>\n<meta name=\"twitter:card\" content=\"summary_large_image\" \/>\n<meta name=\"twitter:label1\" content=\"Gesch\u00e4tzte Lesezeit\" \/>\n\t<meta name=\"twitter:data1\" content=\"2\u00a0Minuten\" \/>\n<script type=\"application\/ld+json\" class=\"yoast-schema-graph\">{\"@context\":\"https:\/\/schema.org\",\"@graph\":[{\"@type\":\"WebPage\",\"@id\":\"https:\/\/www.hotelannaisoladelba.it\/de\/lunch-lounge-bar\/\",\"url\":\"https:\/\/www.hotelannaisoladelba.it\/de\/lunch-lounge-bar\/\",\"name\":\"Lunch & Lounge Bar | Insel Elba | Hotel Anna\",\"isPartOf\":{\"@id\":\"https:\/\/www.hotelannaisoladelba.it\/#website\"},\"primaryImageOfPage\":{\"@id\":\"https:\/\/www.hotelannaisoladelba.it\/de\/lunch-lounge-bar\/#primaryimage\"},\"image\":{\"@id\":\"https:\/\/www.hotelannaisoladelba.it\/de\/lunch-lounge-bar\/#primaryimage\"},\"thumbnailUrl\":\"https:\/\/www.hotelannaisoladelba.it\/wp-content\/uploads\/2023\/10\/apoteca-1-e1698333828506.png\",\"datePublished\":\"2023-10-12T09:35:31+00:00\",\"dateModified\":\"2025-10-01T19:01:34+00:00\",\"description\":\"Unsere Lounge Bar im Hotel Anna erwartet Sie. Die perfekte Wahl f\u00fcr eine leckere Pause oder einen Drink in gem\u00fctlicher Atmosph\u00e4re.\",\"breadcrumb\":{\"@id\":\"https:\/\/www.hotelannaisoladelba.it\/de\/lunch-lounge-bar\/#breadcrumb\"},\"inLanguage\":\"de\",\"potentialAction\":[{\"@type\":\"ReadAction\",\"target\":[\"https:\/\/www.hotelannaisoladelba.it\/de\/lunch-lounge-bar\/\"]}]},{\"@type\":\"ImageObject\",\"inLanguage\":\"de\",\"@id\":\"https:\/\/www.hotelannaisoladelba.it\/de\/lunch-lounge-bar\/#primaryimage\",\"url\":\"https:\/\/www.hotelannaisoladelba.it\/wp-content\/uploads\/2023\/10\/apoteca-1-e1698333828506.png\",\"contentUrl\":\"https:\/\/www.hotelannaisoladelba.it\/wp-content\/uploads\/2023\/10\/apoteca-1-e1698333828506.png\"},{\"@type\":\"BreadcrumbList\",\"@id\":\"https:\/\/www.hotelannaisoladelba.it\/de\/lunch-lounge-bar\/#breadcrumb\",\"itemListElement\":[{\"@type\":\"ListItem\",\"position\":1,\"name\":\"Home\",\"item\":\"https:\/\/www.hotelannaisoladelba.it\/de\/\"},{\"@type\":\"ListItem\",\"position\":2,\"name\":\"Lunch &#038; Lounge Bar\"}]},{\"@type\":\"WebSite\",\"@id\":\"https:\/\/www.hotelannaisoladelba.it\/#website\",\"url\":\"https:\/\/www.hotelannaisoladelba.it\/\",\"name\":\"Hotel Anna Isola d'Elba\",\"description\":\"Albergo a conduzione familiare vicino alla spiaggia di Fetovaia all&#039;Isola d&#039;Elba\",\"publisher\":{\"@id\":\"https:\/\/www.hotelannaisoladelba.it\/#organization\"},\"potentialAction\":[{\"@type\":\"SearchAction\",\"target\":{\"@type\":\"EntryPoint\",\"urlTemplate\":\"https:\/\/www.hotelannaisoladelba.it\/?s={search_term_string}\"},\"query-input\":{\"@type\":\"PropertyValueSpecification\",\"valueRequired\":true,\"valueName\":\"search_term_string\"}}],\"inLanguage\":\"de\"},{\"@type\":\"Organization\",\"@id\":\"https:\/\/www.hotelannaisoladelba.it\/#organization\",\"name\":\"Hotel Anna Isola d'Elba\",\"url\":\"https:\/\/www.hotelannaisoladelba.it\/\",\"logo\":{\"@type\":\"ImageObject\",\"inLanguage\":\"de\",\"@id\":\"https:\/\/www.hotelannaisoladelba.it\/#\/schema\/logo\/image\/\",\"url\":\"https:\/\/www.hotelannaisoladelba.it\/wp-content\/uploads\/2023\/11\/logo-orizzonale.png\",\"contentUrl\":\"https:\/\/www.hotelannaisoladelba.it\/wp-content\/uploads\/2023\/11\/logo-orizzonale.png\",\"width\":600,\"height\":213,\"caption\":\"Hotel Anna Isola d'Elba\"},\"image\":{\"@id\":\"https:\/\/www.hotelannaisoladelba.it\/#\/schema\/logo\/image\/\"},\"sameAs\":[\"https:\/\/www.facebook.com\/AnnaHotelIsolaElba\"]}]}<\/script>\n<!-- \/ Yoast SEO plugin. -->","yoast_head_json":{"title":"Lunch & Lounge Bar | Insel Elba | Hotel Anna","description":"Unsere Lounge Bar im Hotel Anna erwartet Sie. Die perfekte Wahl f\u00fcr eine leckere Pause oder einen Drink in gem\u00fctlicher Atmosph\u00e4re.","robots":{"index":"index","follow":"follow","max-snippet":"max-snippet:-1","max-image-preview":"max-image-preview:large","max-video-preview":"max-video-preview:-1"},"canonical":"https:\/\/www.hotelannaisoladelba.it\/de\/lunch-lounge-bar\/","og_locale":"de_DE","og_type":"article","og_title":"Lunch & Lounge Bar | Insel Elba | Hotel Anna","og_description":"Unsere Lounge Bar im Hotel Anna erwartet Sie. Die perfekte Wahl f\u00fcr eine leckere Pause oder einen Drink in gem\u00fctlicher Atmosph\u00e4re.","og_url":"https:\/\/www.hotelannaisoladelba.it\/de\/lunch-lounge-bar\/","og_site_name":"Hotel Anna Isola d&#039;Elba","article_publisher":"https:\/\/www.facebook.com\/AnnaHotelIsolaElba","article_modified_time":"2025-10-01T19:01:34+00:00","og_image":[{"url":"https:\/\/www.hotelannaisoladelba.it\/wp-content\/uploads\/2023\/10\/apoteca-1-e1698333828506.png","type":"","width":"","height":""}],"twitter_card":"summary_large_image","twitter_misc":{"Gesch\u00e4tzte Lesezeit":"2\u00a0Minuten"},"schema":{"@context":"https:\/\/schema.org","@graph":[{"@type":"WebPage","@id":"https:\/\/www.hotelannaisoladelba.it\/de\/lunch-lounge-bar\/","url":"https:\/\/www.hotelannaisoladelba.it\/de\/lunch-lounge-bar\/","name":"Lunch & Lounge Bar | Insel Elba | Hotel Anna","isPartOf":{"@id":"https:\/\/www.hotelannaisoladelba.it\/#website"},"primaryImageOfPage":{"@id":"https:\/\/www.hotelannaisoladelba.it\/de\/lunch-lounge-bar\/#primaryimage"},"image":{"@id":"https:\/\/www.hotelannaisoladelba.it\/de\/lunch-lounge-bar\/#primaryimage"},"thumbnailUrl":"https:\/\/www.hotelannaisoladelba.it\/wp-content\/uploads\/2023\/10\/apoteca-1-e1698333828506.png","datePublished":"2023-10-12T09:35:31+00:00","dateModified":"2025-10-01T19:01:34+00:00","description":"Unsere Lounge Bar im Hotel Anna erwartet Sie. Die perfekte Wahl f\u00fcr eine leckere Pause oder einen Drink in gem\u00fctlicher Atmosph\u00e4re.","breadcrumb":{"@id":"https:\/\/www.hotelannaisoladelba.it\/de\/lunch-lounge-bar\/#breadcrumb"},"inLanguage":"de","potentialAction":[{"@type":"ReadAction","target":["https:\/\/www.hotelannaisoladelba.it\/de\/lunch-lounge-bar\/"]}]},{"@type":"ImageObject","inLanguage":"de","@id":"https:\/\/www.hotelannaisoladelba.it\/de\/lunch-lounge-bar\/#primaryimage","url":"https:\/\/www.hotelannaisoladelba.it\/wp-content\/uploads\/2023\/10\/apoteca-1-e1698333828506.png","contentUrl":"https:\/\/www.hotelannaisoladelba.it\/wp-content\/uploads\/2023\/10\/apoteca-1-e1698333828506.png"},{"@type":"BreadcrumbList","@id":"https:\/\/www.hotelannaisoladelba.it\/de\/lunch-lounge-bar\/#breadcrumb","itemListElement":[{"@type":"ListItem","position":1,"name":"Home","item":"https:\/\/www.hotelannaisoladelba.it\/de\/"},{"@type":"ListItem","position":2,"name":"Lunch &#038; Lounge Bar"}]},{"@type":"WebSite","@id":"https:\/\/www.hotelannaisoladelba.it\/#website","url":"https:\/\/www.hotelannaisoladelba.it\/","name":"Hotel Anna Isola d'Elba","description":"Albergo a conduzione familiare vicino alla spiaggia di Fetovaia all&#039;Isola d&#039;Elba","publisher":{"@id":"https:\/\/www.hotelannaisoladelba.it\/#organization"},"potentialAction":[{"@type":"SearchAction","target":{"@type":"EntryPoint","urlTemplate":"https:\/\/www.hotelannaisoladelba.it\/?s={search_term_string}"},"query-input":{"@type":"PropertyValueSpecification","valueRequired":true,"valueName":"search_term_string"}}],"inLanguage":"de"},{"@type":"Organization","@id":"https:\/\/www.hotelannaisoladelba.it\/#organization","name":"Hotel Anna Isola d'Elba","url":"https:\/\/www.hotelannaisoladelba.it\/","logo":{"@type":"ImageObject","inLanguage":"de","@id":"https:\/\/www.hotelannaisoladelba.it\/#\/schema\/logo\/image\/","url":"https:\/\/www.hotelannaisoladelba.it\/wp-content\/uploads\/2023\/11\/logo-orizzonale.png","contentUrl":"https:\/\/www.hotelannaisoladelba.it\/wp-content\/uploads\/2023\/11\/logo-orizzonale.png","width":600,"height":213,"caption":"Hotel Anna Isola d'Elba"},"image":{"@id":"https:\/\/www.hotelannaisoladelba.it\/#\/schema\/logo\/image\/"},"sameAs":["https:\/\/www.facebook.com\/AnnaHotelIsolaElba"]}]}},"_links":{"self":[{"href":"https:\/\/www.hotelannaisoladelba.it\/de\/wp-json\/wp\/v2\/pages\/5217","targetHints":{"allow":["GET"]}}],"collection":[{"href":"https:\/\/www.hotelannaisoladelba.it\/de\/wp-json\/wp\/v2\/pages"}],"about":[{"href":"https:\/\/www.hotelannaisoladelba.it\/de\/wp-json\/wp\/v2\/types\/page"}],"author":[{"embeddable":true,"href":"https:\/\/www.hotelannaisoladelba.it\/de\/wp-json\/wp\/v2\/users\/1"}],"replies":[{"embeddable":true,"href":"https:\/\/www.hotelannaisoladelba.it\/de\/wp-json\/wp\/v2\/comments?post=5217"}],"version-history":[{"count":5,"href":"https:\/\/www.hotelannaisoladelba.it\/de\/wp-json\/wp\/v2\/pages\/5217\/revisions"}],"predecessor-version":[{"id":9632,"href":"https:\/\/www.hotelannaisoladelba.it\/de\/wp-json\/wp\/v2\/pages\/5217\/revisions\/9632"}],"wp:attachment":[{"href":"https:\/\/www.hotelannaisoladelba.it\/de\/wp-json\/wp\/v2\/media?parent=5217"}],"curies":[{"name":"wp","href":"https:\/\/api.w.org\/{rel}","templated":true}]}}